{"id":9582,"date":"2020-03-19T11:20:11","date_gmt":"2020-03-19T10:20:11","guid":{"rendered":"https:\/\/lpg-view.com\/how-to-get-started\/"},"modified":"2025-01-31T13:49:10","modified_gmt":"2025-01-31T12:49:10","slug":"how-to-get-started","status":"publish","type":"page","link":"https:\/\/lpg-view.com\/en\/how-to-get-started\/","title":{"rendered":"How to get started"},"content":{"rendered":"\t\t<div data-elementor-type=\"wp-page\" data-elementor-id=\"9582\" class=\"elementor elementor-9582 elementor-14\" data-elementor-post-type=\"page\">\n\t\t\t\t\t\t<section class=\"elementor-section elementor-top-section elementor-element elementor-element-ea29168 elementor-section-height-min-height elementor-section-boxed elementor-section-height-default elementor-section-items-middle\" data-id=\"ea29168\" data-element_type=\"section\" data-settings=\"{&quot;background_background&quot;:&quot;classic&quot;}\">\n\t\t\t\t\t\t<div class=\"elementor-container elementor-column-gap-default\">\n\t\t\t\t\t<div class=\"elementor-column elementor-col-100 elementor-top-column elementor-element elementor-element-f3a66e9\" data-id=\"f3a66e9\" data-element_type=\"column\">\n\t\t\t<div class=\"elementor-widget-wrap elementor-element-populated\">\n\t\t\t\t\t\t<div class=\"elementor-element elementor-element-208b007 elementor-widget elementor-widget-heading\" data-id=\"208b007\" data-element_type=\"widget\" data-widget_type=\"heading.default\">\n\t\t\t\t<div class=\"elementor-widget-container\">\n\t\t\t<style>\/*! elementor - v3.19.0 - 28-02-2024 *\/\n.elementor-heading-title{padding:0;margin:0;line-height:1}.elementor-widget-heading .elementor-heading-title[class*=elementor-size-]>a{color:inherit;font-size:inherit;line-height:inherit}.elementor-widget-heading .elementor-heading-title.elementor-size-small{font-size:15px}.elementor-widget-heading .elementor-heading-title.elementor-size-medium{font-size:19px}.elementor-widget-heading .elementor-heading-title.elementor-size-large{font-size:29px}.elementor-widget-heading .elementor-heading-title.elementor-size-xl{font-size:39px}.elementor-widget-heading .elementor-heading-title.elementor-size-xxl{font-size:59px}<\/style><h1 class=\"elementor-heading-title elementor-size-default\">We are taking off!<\/h1>\t\t<\/div>\n\t\t\t\t<\/div>\n\t\t\t\t<div class=\"elementor-element elementor-element-52e2290 elementor-widget elementor-widget-text-editor\" data-id=\"52e2290\" data-element_type=\"widget\" data-widget_type=\"text-editor.default\">\n\t\t\t\t<div class=\"elementor-widget-container\">\n\t\t\t<style>\/*! elementor - v3.19.0 - 28-02-2024 *\/\n.elementor-widget-text-editor.elementor-drop-cap-view-stacked .elementor-drop-cap{background-color:#69727d;color:#fff}.elementor-widget-text-editor.elementor-drop-cap-view-framed .elementor-drop-cap{color:#69727d;border:3px solid;background-color:transparent}.elementor-widget-text-editor:not(.elementor-drop-cap-view-default) .elementor-drop-cap{margin-top:8px}.elementor-widget-text-editor:not(.elementor-drop-cap-view-default) .elementor-drop-cap-letter{width:1em;height:1em}.elementor-widget-text-editor .elementor-drop-cap{float:left;text-align:center;line-height:1;font-size:50px}.elementor-widget-text-editor .elementor-drop-cap-letter{display:inline-block}<\/style>\t\t\t\t<p>All in just 2 steps<\/p>\n\t\t\t\t\t\t<\/div>\n\t\t\t\t<\/div>\n\t\t\t\t\t<\/div>\n\t\t<\/div>\n\t\t\t\t\t<\/div>\n\t\t<\/section>\n\t\t\t\t<section class=\"elementor-section elementor-top-section elementor-element elementor-element-9c9f1e6 elementor-section-boxed elementor-section-height-default elementor-section-height-default\" data-id=\"9c9f1e6\" data-element_type=\"section\" data-settings=\"{&quot;background_background&quot;:&quot;classic&quot;}\">\n\t\t\t\t\t\t<div class=\"elementor-container elementor-column-gap-default\">\n\t\t\t\t\t<div class=\"elementor-column elementor-col-100 elementor-top-column elementor-element elementor-element-2ce8154\" data-id=\"2ce8154\" data-element_type=\"column\">\n\t\t\t<div class=\"elementor-widget-wrap elementor-element-populated\">\n\t\t\t\t\t\t<div class=\"elementor-element elementor-element-5c1b7dd elementor-widget elementor-widget-heading\" data-id=\"5c1b7dd\" data-element_type=\"widget\" data-widget_type=\"heading.default\">\n\t\t\t\t<div class=\"elementor-widget-container\">\n\t\t\t<h2 class=\"elementor-heading-title elementor-size-default\">Just 2 steps to the goal...<\/h2>\t\t<\/div>\n\t\t\t\t<\/div>\n\t\t\t\t<div class=\"elementor-element elementor-element-9a24412 elementor-widget elementor-widget-text-editor\" data-id=\"9a24412\" data-element_type=\"widget\" data-widget_type=\"text-editor.default\">\n\t\t\t\t<div class=\"elementor-widget-container\">\n\t\t\t\t\t\t\t<p>Anyone who wants to use LPG View has to do &#8230; just 2 steps!<\/p>\n<p>Step 1: buy a telemetry device!<\/p>\n<p>Step 2: choose the form of access &#8211; smartphone or professional server!<\/p>\n\t\t\t\t\t\t<\/div>\n\t\t\t\t<\/div>\n\t\t\t\t<section class=\"elementor-section elementor-inner-section elementor-element elementor-element-008138d elementor-section-full_width elementor-section-height-default elementor-section-height-default\" data-id=\"008138d\" data-element_type=\"section\">\n\t\t\t\t\t\t<div class=\"elementor-container elementor-column-gap-default\">\n\t\t\t\t\t<div class=\"elementor-column elementor-col-25 elementor-inner-column elementor-element elementor-element-a7c26dc\" data-id=\"a7c26dc\" data-element_type=\"column\">\n\t\t\t<div class=\"elementor-widget-wrap\">\n\t\t\t\t\t\t\t<\/div>\n\t\t<\/div>\n\t\t\t\t<div class=\"elementor-column elementor-col-25 elementor-inner-column elementor-element elementor-element-f0d62e7\" data-id=\"f0d62e7\" data-element_type=\"column\">\n\t\t\t<div class=\"elementor-widget-wrap\">\n\t\t\t\t\t\t\t<\/div>\n\t\t<\/div>\n\t\t\t\t<div class=\"elementor-column elementor-col-25 elementor-inner-column elementor-element elementor-element-ea7e18f\" data-id=\"ea7e18f\" data-element_type=\"column\">\n\t\t\t<div class=\"elementor-widget-wrap\">\n\t\t\t\t\t\t\t<\/div>\n\t\t<\/div>\n\t\t\t\t<div class=\"elementor-column elementor-col-25 elementor-inner-column elementor-element elementor-element-49f4abd\" data-id=\"49f4abd\" data-element_type=\"column\">\n\t\t\t<div class=\"elementor-widget-wrap\">\n\t\t\t\t\t\t\t<\/div>\n\t\t<\/div>\n\t\t\t\t\t<\/div>\n\t\t<\/section>\n\t\t\t\t<div class=\"elementor-element elementor-element-fd3853d elementor-widget elementor-widget-jet-portfolio\" data-id=\"fd3853d\" data-element_type=\"widget\" data-widget_type=\"jet-portfolio.default\">\n\t\t\t\t<div class=\"elementor-widget-container\">\n\t\t\t<div class=\"elementor-jet-portfolio jet-elements\">\n<div class=\"jet-portfolio layout-type-grid preset-type-2 layout-desktop-column-3 layout-tablet-column-2 layout-mobile-column-1\" data-settings=\"{&quot;layoutType&quot;:&quot;grid&quot;,&quot;columns&quot;:3,&quot;columnsTablet&quot;:&quot;2&quot;,&quot;columnsMobile&quot;:&quot;1&quot;,&quot;perPage&quot;:6}\"><div class=\"jet-portfolio__list\"><article class=\"jet-portfolio__item visible-status\" data-slug=\"{&quot;0&quot;:&quot;all&quot;}\">\n\t<div class=\"jet-portfolio__inner\">\n\t\t<a class=\"jet-portfolio__link \" href=\"https:\/\/lpg-view.com\/wp-content\/uploads\/2021\/10\/TEK-Rochester_oHg_1000-\u2014-kopia-e1633546979170.png\" data-elementor-open-lightbox=\"yes\">\n\t\t\t<div class=\"jet-portfolio__image\">\n\t\t\t\t<img loading=\"lazy\" decoding=\"async\" class=\"jet-portfolio__image-instance\" src=\"https:\/\/lpg-view.com\/wp-content\/uploads\/2021\/10\/TEK-Rochester_oHg_1000-\u2014-kopia-e1633546979170.png\" width=\"900\" height=\"900\"  alt=\"TEK + Rochester_oHg_1000 \u2014 kopia\" loading=\"lazy\">\t\t\t\t<div class=\"jet-portfolio__image-loader\"><span><\/span><\/div>\n\t\t\t\t<div class=\"jet-portfolio__cover\"><span class=\"jet-elements-icon\"><i aria-hidden=\"true\" class=\"fas fa-search\"><\/i><\/span><\/div>\n\t\t\t<\/div>\n\t\t<\/a>\n\t\t<div class=\"jet-portfolio__content\">\n\t\t\t<div class=\"jet-portfolio__content-inner\"><div class=\"jet-portfolio__title\">Urz\u0105dzenie<\/div><a class=\"elementor-button elementor-size-md jet-portfolio__button\" href=\"https:\/\/lpg-view.com\/jak-zaczac\/urzadzenia-telemetryczne\/\"><span class=\"jet-portfolio__button-text\">Wi\u0119cej...<\/span><\/a><\/div>\n\t\t<\/div>\n\t<\/div>\n<\/article><article class=\"jet-portfolio__item visible-status\" data-slug=\"{&quot;0&quot;:&quot;all&quot;}\">\n\t<div class=\"jet-portfolio__inner\">\n\t\t<a class=\"jet-portfolio__link \" href=\"https:\/\/lpg-view.com\/wp-content\/uploads\/2021\/10\/app-screen.png\" data-elementor-open-lightbox=\"yes\">\n\t\t\t<div class=\"jet-portfolio__image\">\n\t\t\t\t<img loading=\"lazy\" decoding=\"async\" class=\"jet-portfolio__image-instance\" src=\"https:\/\/lpg-view.com\/wp-content\/uploads\/2021\/10\/app-screen.png\" width=\"702\" height=\"622\"  alt=\"app screen\" loading=\"lazy\">\t\t\t\t<div class=\"jet-portfolio__image-loader\"><span><\/span><\/div>\n\t\t\t\t<div class=\"jet-portfolio__cover\"><span class=\"jet-elements-icon\"><i aria-hidden=\"true\" class=\"fas fa-search\"><\/i><\/span><\/div>\n\t\t\t<\/div>\n\t\t<\/a>\n\t\t<div class=\"jet-portfolio__content\">\n\t\t\t<div class=\"jet-portfolio__content-inner\"><div class=\"jet-portfolio__title\">Aplikacja na telefon<\/div><a class=\"elementor-button elementor-size-md jet-portfolio__button\" href=\"https:\/\/lpg-view.com\/jak-zaczac\/aplikacja-na-telefon\/\"><span class=\"jet-portfolio__button-text\">Wi\u0119cej...<\/span><\/a><\/div>\n\t\t<\/div>\n\t<\/div>\n<\/article><article class=\"jet-portfolio__item visible-status\" data-slug=\"{&quot;0&quot;:&quot;all&quot;}\">\n\t<div class=\"jet-portfolio__inner\">\n\t\t<a class=\"jet-portfolio__link \" href=\"https:\/\/lpg-view.com\/wp-content\/uploads\/2021\/11\/Zrzut-ekranu-2021-11-09-193633.png\" data-elementor-open-lightbox=\"yes\">\n\t\t\t<div class=\"jet-portfolio__image\">\n\t\t\t\t<img loading=\"lazy\" decoding=\"async\" class=\"jet-portfolio__image-instance\" src=\"https:\/\/lpg-view.com\/wp-content\/uploads\/2021\/11\/Zrzut-ekranu-2021-11-09-193633.png\" width=\"890\" height=\"496\"  alt=\"Zrzut ekranu 2021-11-09 193633\" loading=\"lazy\">\t\t\t\t<div class=\"jet-portfolio__image-loader\"><span><\/span><\/div>\n\t\t\t\t<div class=\"jet-portfolio__cover\"><span class=\"jet-elements-icon\"><i aria-hidden=\"true\" class=\"fas fa-search\"><\/i><\/span><\/div>\n\t\t\t<\/div>\n\t\t<\/a>\n\t\t<div class=\"jet-portfolio__content\">\n\t\t\t<div class=\"jet-portfolio__content-inner\"><div class=\"jet-portfolio__title\">Serwer Tankmonitoring<\/div><a class=\"elementor-button elementor-size-md jet-portfolio__button\" href=\"https:\/\/lpg-view.com\/jak-zaczac\/serwer-bazy-danych\/\"><span class=\"jet-portfolio__button-text\">Wi\u0119cej...<\/span><\/a><\/div>\n\t\t<\/div>\n\t<\/div>\n<\/article><\/div><div class=\"jet-portfolio__view-more hidden-status\"><div class=\"elementor-button elementor-size-md jet-portfolio__view-more-button\">View More<\/div><\/div><\/div>\n<\/div>\t\t<\/div>\n\t\t\t\t<\/div>\n\t\t\t\t\t<\/div>\n\t\t<\/div>\n\t\t\t\t\t<\/div>\n\t\t<\/section>\n\t\t\t\t<\/div>\n\t\t","protected":false},"excerpt":{"rendered":"<p>We are taking off! All in just 2 steps Just 2 steps to the goal&#8230; Anyone who wants to use LPG View has to do &#8230; just 2 steps! Step 1: buy a telemetry device! Step 2: choose the form of access &#8211; smartphone or professional server! Urz\u0105dzenieWi\u0119cej&#8230; Aplikacja na telefonWi\u0119cej&#8230; Serwer TankmonitoringWi\u0119cej&#8230; View More<\/p>\n","protected":false},"author":1,"featured_media":0,"parent":0,"menu_order":0,"comment_status":"closed","ping_status":"closed","template":"page-templates\/fullwidth-content.php","meta":{"inline_featured_image":false,"footnotes":""},"class_list":["post-9582","page","type-page","status-publish","hentry"],"yoast_head":"<!-- This site is optimized with the Yoast SEO plugin v24.3 - https:\/\/yoast.com\/wordpress\/plugins\/seo\/ -->\n<title>How to get started - LPG View<\/title>\n<meta name=\"robots\" content=\"index, follow, max-snippet:-1, max-image-preview:large, max-video-preview:-1\" \/>\n<link rel=\"canonical\" href=\"https:\/\/lpg-view.com\/en\/how-to-get-started\/\" \/>\n<meta property=\"og:locale\" content=\"en_US\" \/>\n<meta property=\"og:type\" content=\"article\" \/>\n<meta property=\"og:title\" content=\"How to get started - LPG View\" \/>\n<meta property=\"og:description\" content=\"We are taking off! All in just 2 steps Just 2 steps to the goal&#8230; Anyone who wants to use LPG View has to do &#8230; just 2 steps! Step 1: buy a telemetry device! Step 2: choose the form of access &#8211; smartphone or professional server! Urz\u0105dzenieWi\u0119cej&#8230; Aplikacja na telefonWi\u0119cej&#8230; Serwer TankmonitoringWi\u0119cej&#8230; View More\" \/>\n<meta property=\"og:url\" content=\"https:\/\/lpg-view.com\/en\/how-to-get-started\/\" \/>\n<meta property=\"og:site_name\" content=\"LPG View\" \/>\n<meta property=\"article:modified_time\" content=\"2025-01-31T12:49:10+00:00\" \/>\n<meta property=\"og:image\" content=\"https:\/\/lpg-view.com\/wp-content\/uploads\/2021\/10\/app-screen.png\" \/>\n<meta name=\"twitter:card\" content=\"summary_large_image\" \/>\n<script type=\"application\/ld+json\" class=\"yoast-schema-graph\">{\"@context\":\"https:\/\/schema.org\",\"@graph\":[{\"@type\":\"WebPage\",\"@id\":\"https:\/\/lpg-view.com\/en\/how-to-get-started\/\",\"url\":\"https:\/\/lpg-view.com\/en\/how-to-get-started\/\",\"name\":\"How to get started - LPG View\",\"isPartOf\":{\"@id\":\"https:\/\/lpg-view.com\/en\/#website\"},\"primaryImageOfPage\":{\"@id\":\"https:\/\/lpg-view.com\/en\/how-to-get-started\/#primaryimage\"},\"image\":{\"@id\":\"https:\/\/lpg-view.com\/en\/how-to-get-started\/#primaryimage\"},\"thumbnailUrl\":\"https:\/\/lpg-view.com\/wp-content\/uploads\/2021\/10\/app-screen.png\",\"datePublished\":\"2020-03-19T10:20:11+00:00\",\"dateModified\":\"2025-01-31T12:49:10+00:00\",\"breadcrumb\":{\"@id\":\"https:\/\/lpg-view.com\/en\/how-to-get-started\/#breadcrumb\"},\"inLanguage\":\"en-US\",\"potentialAction\":[{\"@type\":\"ReadAction\",\"target\":[\"https:\/\/lpg-view.com\/en\/how-to-get-started\/\"]}]},{\"@type\":\"ImageObject\",\"inLanguage\":\"en-US\",\"@id\":\"https:\/\/lpg-view.com\/en\/how-to-get-started\/#primaryimage\",\"url\":\"https:\/\/lpg-view.com\/wp-content\/uploads\/2021\/10\/app-screen.png\",\"contentUrl\":\"https:\/\/lpg-view.com\/wp-content\/uploads\/2021\/10\/app-screen.png\"},{\"@type\":\"BreadcrumbList\",\"@id\":\"https:\/\/lpg-view.com\/en\/how-to-get-started\/#breadcrumb\",\"itemListElement\":[{\"@type\":\"ListItem\",\"position\":1,\"name\":\"Strona g\u0142\u00f3wna\",\"item\":\"https:\/\/lpg-view.com\/en\/home\/\"},{\"@type\":\"ListItem\",\"position\":2,\"name\":\"How to get started\"}]},{\"@type\":\"WebSite\",\"@id\":\"https:\/\/lpg-view.com\/en\/#website\",\"url\":\"https:\/\/lpg-view.com\/en\/\",\"name\":\"LPG View\",\"description\":\"LPG View - wszystko o twoim zbiorniku\",\"publisher\":{\"@id\":\"https:\/\/lpg-view.com\/en\/#organization\"},\"potentialAction\":[{\"@type\":\"SearchAction\",\"target\":{\"@type\":\"EntryPoint\",\"urlTemplate\":\"https:\/\/lpg-view.com\/en\/?s={search_term_string}\"},\"query-input\":{\"@type\":\"PropertyValueSpecification\",\"valueRequired\":true,\"valueName\":\"search_term_string\"}}],\"inLanguage\":\"en-US\"},{\"@type\":\"Organization\",\"@id\":\"https:\/\/lpg-view.com\/en\/#organization\",\"name\":\"LPG View\",\"url\":\"https:\/\/lpg-view.com\/en\/\",\"logo\":{\"@type\":\"ImageObject\",\"inLanguage\":\"en-US\",\"@id\":\"https:\/\/lpg-view.com\/en\/#\/schema\/logo\/image\/\",\"url\":\"https:\/\/lpg-view.com\/wp-content\/uploads\/2022\/04\/lpg-logo.svg\",\"contentUrl\":\"https:\/\/lpg-view.com\/wp-content\/uploads\/2022\/04\/lpg-logo.svg\",\"width\":146,\"height\":20,\"caption\":\"LPG View\"},\"image\":{\"@id\":\"https:\/\/lpg-view.com\/en\/#\/schema\/logo\/image\/\"}}]}<\/script>\n<!-- \/ Yoast SEO plugin. -->","yoast_head_json":{"title":"How to get started - LPG View","robots":{"index":"index","follow":"follow","max-snippet":"max-snippet:-1","max-image-preview":"max-image-preview:large","max-video-preview":"max-video-preview:-1"},"canonical":"https:\/\/lpg-view.com\/en\/how-to-get-started\/","og_locale":"en_US","og_type":"article","og_title":"How to get started - LPG View","og_description":"We are taking off! All in just 2 steps Just 2 steps to the goal&#8230; Anyone who wants to use LPG View has to do &#8230; just 2 steps! Step 1: buy a telemetry device! Step 2: choose the form of access &#8211; smartphone or professional server! Urz\u0105dzenieWi\u0119cej&#8230; Aplikacja na telefonWi\u0119cej&#8230; Serwer TankmonitoringWi\u0119cej&#8230; View More","og_url":"https:\/\/lpg-view.com\/en\/how-to-get-started\/","og_site_name":"LPG View","article_modified_time":"2025-01-31T12:49:10+00:00","og_image":[{"url":"https:\/\/lpg-view.com\/wp-content\/uploads\/2021\/10\/app-screen.png","type":"","width":"","height":""}],"twitter_card":"summary_large_image","schema":{"@context":"https:\/\/schema.org","@graph":[{"@type":"WebPage","@id":"https:\/\/lpg-view.com\/en\/how-to-get-started\/","url":"https:\/\/lpg-view.com\/en\/how-to-get-started\/","name":"How to get started - LPG View","isPartOf":{"@id":"https:\/\/lpg-view.com\/en\/#website"},"primaryImageOfPage":{"@id":"https:\/\/lpg-view.com\/en\/how-to-get-started\/#primaryimage"},"image":{"@id":"https:\/\/lpg-view.com\/en\/how-to-get-started\/#primaryimage"},"thumbnailUrl":"https:\/\/lpg-view.com\/wp-content\/uploads\/2021\/10\/app-screen.png","datePublished":"2020-03-19T10:20:11+00:00","dateModified":"2025-01-31T12:49:10+00:00","breadcrumb":{"@id":"https:\/\/lpg-view.com\/en\/how-to-get-started\/#breadcrumb"},"inLanguage":"en-US","potentialAction":[{"@type":"ReadAction","target":["https:\/\/lpg-view.com\/en\/how-to-get-started\/"]}]},{"@type":"ImageObject","inLanguage":"en-US","@id":"https:\/\/lpg-view.com\/en\/how-to-get-started\/#primaryimage","url":"https:\/\/lpg-view.com\/wp-content\/uploads\/2021\/10\/app-screen.png","contentUrl":"https:\/\/lpg-view.com\/wp-content\/uploads\/2021\/10\/app-screen.png"},{"@type":"BreadcrumbList","@id":"https:\/\/lpg-view.com\/en\/how-to-get-started\/#breadcrumb","itemListElement":[{"@type":"ListItem","position":1,"name":"Strona g\u0142\u00f3wna","item":"https:\/\/lpg-view.com\/en\/home\/"},{"@type":"ListItem","position":2,"name":"How to get started"}]},{"@type":"WebSite","@id":"https:\/\/lpg-view.com\/en\/#website","url":"https:\/\/lpg-view.com\/en\/","name":"LPG View","description":"LPG View - wszystko o twoim zbiorniku","publisher":{"@id":"https:\/\/lpg-view.com\/en\/#organization"},"potentialAction":[{"@type":"SearchAction","target":{"@type":"EntryPoint","urlTemplate":"https:\/\/lpg-view.com\/en\/?s={search_term_string}"},"query-input":{"@type":"PropertyValueSpecification","valueRequired":true,"valueName":"search_term_string"}}],"inLanguage":"en-US"},{"@type":"Organization","@id":"https:\/\/lpg-view.com\/en\/#organization","name":"LPG View","url":"https:\/\/lpg-view.com\/en\/","logo":{"@type":"ImageObject","inLanguage":"en-US","@id":"https:\/\/lpg-view.com\/en\/#\/schema\/logo\/image\/","url":"https:\/\/lpg-view.com\/wp-content\/uploads\/2022\/04\/lpg-logo.svg","contentUrl":"https:\/\/lpg-view.com\/wp-content\/uploads\/2022\/04\/lpg-logo.svg","width":146,"height":20,"caption":"LPG View"},"image":{"@id":"https:\/\/lpg-view.com\/en\/#\/schema\/logo\/image\/"}}]}},"_links":{"self":[{"href":"https:\/\/lpg-view.com\/en\/wp-json\/wp\/v2\/pages\/9582","targetHints":{"allow":["GET"]}}],"collection":[{"href":"https:\/\/lpg-view.com\/en\/wp-json\/wp\/v2\/pages"}],"about":[{"href":"https:\/\/lpg-view.com\/en\/wp-json\/wp\/v2\/types\/page"}],"author":[{"embeddable":true,"href":"https:\/\/lpg-view.com\/en\/wp-json\/wp\/v2\/users\/1"}],"replies":[{"embeddable":true,"href":"https:\/\/lpg-view.com\/en\/wp-json\/wp\/v2\/comments?post=9582"}],"version-history":[{"count":1,"href":"https:\/\/lpg-view.com\/en\/wp-json\/wp\/v2\/pages\/9582\/revisions"}],"predecessor-version":[{"id":9583,"href":"https:\/\/lpg-view.com\/en\/wp-json\/wp\/v2\/pages\/9582\/revisions\/9583"}],"wp:attachment":[{"href":"https:\/\/lpg-view.com\/en\/wp-json\/wp\/v2\/media?parent=9582"}],"curies":[{"name":"wp","href":"https:\/\/api.w.org\/{rel}","templated":true}]}}