{"id":9657,"date":"2021-10-13T09:12:17","date_gmt":"2021-10-13T07:12:17","guid":{"rendered":"https:\/\/lpg-view.com\/produkt\/telefonische-anwendung\/"},"modified":"2021-10-13T09:12:17","modified_gmt":"2021-10-13T07:12:17","slug":"telefonische-anwendung","status":"publish","type":"product","link":"https:\/\/lpg-view.com\/de\/produkt\/telefonische-anwendung\/","title":{"rendered":"Telefonische Anwendung"},"content":{"rendered":"<p>Niemand muss heute mehr davon \u00fcberzeugt werden, welche wichtige Rolle das Telefon in unserem Leben spielt. Heute ist es aus unserem Alltag nicht mehr wegzudenken.<\/p>\n<p>Die ideale Erg\u00e4nzung f\u00fcr Ihre Bed\u00fcrfnisse ist unsere LPG View mobile App, die Sie im Google Play Shop und im Apple AppStore installieren k\u00f6nnen.<\/p>\n<p>&nbsp;<\/p>\n","protected":false},"excerpt":{"rendered":"<p>Die Anwendung LPG View wird verwendet, um den F\u00fcllstand des LPG-Tanks anzuzeigen.<\/p>\n","protected":false},"featured_media":9557,"comment_status":"open","ping_status":"closed","template":"","meta":{"inline_featured_image":false},"product_brand":[],"product_cat":[2791],"product_tag":[],"class_list":{"0":"post-9657","1":"product","2":"type-product","3":"status-publish","4":"has-post-thumbnail","6":"product_cat-uncategorized","8":"first","9":"instock","10":"virtual","11":"taxable","12":"purchasable","13":"product-type-simple"},"yoast_head":"<!-- This site is optimized with the Yoast SEO plugin v24.3 - https:\/\/yoast.com\/wordpress\/plugins\/seo\/ -->\n<title>Telefonische Anwendung - LPG View<\/title>\n<meta name=\"robots\" content=\"index, follow, max-snippet:-1, max-image-preview:large, max-video-preview:-1\" \/>\n<link rel=\"canonical\" href=\"https:\/\/lpg-view.com\/de\/produkt\/telefonische-anwendung\/\" \/>\n<meta property=\"og:locale\" content=\"de_DE\" \/>\n<meta property=\"og:type\" content=\"article\" \/>\n<meta property=\"og:title\" content=\"Telefonische Anwendung - LPG View\" \/>\n<meta property=\"og:description\" content=\"Die Anwendung LPG View wird verwendet, um den F\u00fcllstand des LPG-Tanks anzuzeigen.\" \/>\n<meta property=\"og:url\" content=\"https:\/\/lpg-view.com\/de\/produkt\/telefonische-anwendung\/\" \/>\n<meta property=\"og:site_name\" content=\"LPG View\" \/>\n<meta property=\"og:image\" content=\"https:\/\/lpg-view.com\/wp-content\/uploads\/2021\/10\/Screenshot_20220525-145753_LPG-View.jpg\" \/>\n\t<meta property=\"og:image:width\" content=\"1080\" \/>\n\t<meta property=\"og:image:height\" content=\"2400\" \/>\n\t<meta property=\"og:image:type\" content=\"image\/jpeg\" \/>\n<meta name=\"twitter:card\" content=\"summary_large_image\" \/>\n<script type=\"application\/ld+json\" class=\"yoast-schema-graph\">{\"@context\":\"https:\/\/schema.org\",\"@graph\":[{\"@type\":\"WebPage\",\"@id\":\"https:\/\/lpg-view.com\/de\/produkt\/telefonische-anwendung\/\",\"url\":\"https:\/\/lpg-view.com\/de\/produkt\/telefonische-anwendung\/\",\"name\":\"Telefonische Anwendung - LPG View\",\"isPartOf\":{\"@id\":\"https:\/\/lpg-view.com\/de\/#website\"},\"primaryImageOfPage\":{\"@id\":\"https:\/\/lpg-view.com\/de\/produkt\/telefonische-anwendung\/#primaryimage\"},\"image\":{\"@id\":\"https:\/\/lpg-view.com\/de\/produkt\/telefonische-anwendung\/#primaryimage\"},\"thumbnailUrl\":\"https:\/\/lpg-view.com\/wp-content\/uploads\/2021\/10\/Screenshot_20220525-145753_LPG-View.jpg\",\"datePublished\":\"2021-10-13T07:12:17+00:00\",\"dateModified\":\"2021-10-13T07:12:17+00:00\",\"breadcrumb\":{\"@id\":\"https:\/\/lpg-view.com\/de\/produkt\/telefonische-anwendung\/#breadcrumb\"},\"inLanguage\":\"de\",\"potentialAction\":[{\"@type\":\"ReadAction\",\"target\":[\"https:\/\/lpg-view.com\/de\/produkt\/telefonische-anwendung\/\"]}]},{\"@type\":\"ImageObject\",\"inLanguage\":\"de\",\"@id\":\"https:\/\/lpg-view.com\/de\/produkt\/telefonische-anwendung\/#primaryimage\",\"url\":\"https:\/\/lpg-view.com\/wp-content\/uploads\/2021\/10\/Screenshot_20220525-145753_LPG-View.jpg\",\"contentUrl\":\"https:\/\/lpg-view.com\/wp-content\/uploads\/2021\/10\/Screenshot_20220525-145753_LPG-View.jpg\",\"width\":1080,\"height\":2400},{\"@type\":\"BreadcrumbList\",\"@id\":\"https:\/\/lpg-view.com\/de\/produkt\/telefonische-anwendung\/#breadcrumb\",\"itemListElement\":[{\"@type\":\"ListItem\",\"position\":1,\"name\":\"Strona g\u0142\u00f3wna\",\"item\":\"https:\/\/lpg-view.com\/de\/startseite\/\"},{\"@type\":\"ListItem\",\"position\":2,\"name\":\"Shop\",\"item\":\"https:\/\/lpg-view.com\/de\/shop\/\"},{\"@type\":\"ListItem\",\"position\":3,\"name\":\"Telefonische Anwendung\"}]},{\"@type\":\"WebSite\",\"@id\":\"https:\/\/lpg-view.com\/de\/#website\",\"url\":\"https:\/\/lpg-view.com\/de\/\",\"name\":\"LPG View\",\"description\":\"LPG View - wszystko o twoim zbiorniku\",\"publisher\":{\"@id\":\"https:\/\/lpg-view.com\/de\/#organization\"},\"potentialAction\":[{\"@type\":\"SearchAction\",\"target\":{\"@type\":\"EntryPoint\",\"urlTemplate\":\"https:\/\/lpg-view.com\/de\/?s={search_term_string}\"},\"query-input\":{\"@type\":\"PropertyValueSpecification\",\"valueRequired\":true,\"valueName\":\"search_term_string\"}}],\"inLanguage\":\"de\"},{\"@type\":\"Organization\",\"@id\":\"https:\/\/lpg-view.com\/de\/#organization\",\"name\":\"LPG View\",\"url\":\"https:\/\/lpg-view.com\/de\/\",\"logo\":{\"@type\":\"ImageObject\",\"inLanguage\":\"de\",\"@id\":\"https:\/\/lpg-view.com\/de\/#\/schema\/logo\/image\/\",\"url\":\"https:\/\/lpg-view.com\/wp-content\/uploads\/2022\/04\/lpg-logo.svg\",\"contentUrl\":\"https:\/\/lpg-view.com\/wp-content\/uploads\/2022\/04\/lpg-logo.svg\",\"width\":146,\"height\":20,\"caption\":\"LPG View\"},\"image\":{\"@id\":\"https:\/\/lpg-view.com\/de\/#\/schema\/logo\/image\/\"}}]}<\/script>\n<!-- \/ Yoast SEO plugin. -->","yoast_head_json":{"title":"Telefonische Anwendung - LPG View","robots":{"index":"index","follow":"follow","max-snippet":"max-snippet:-1","max-image-preview":"max-image-preview:large","max-video-preview":"max-video-preview:-1"},"canonical":"https:\/\/lpg-view.com\/de\/produkt\/telefonische-anwendung\/","og_locale":"de_DE","og_type":"article","og_title":"Telefonische Anwendung - LPG View","og_description":"Die Anwendung LPG View wird verwendet, um den F\u00fcllstand des LPG-Tanks anzuzeigen.","og_url":"https:\/\/lpg-view.com\/de\/produkt\/telefonische-anwendung\/","og_site_name":"LPG View","og_image":[{"width":1080,"height":2400,"url":"https:\/\/lpg-view.com\/wp-content\/uploads\/2021\/10\/Screenshot_20220525-145753_LPG-View.jpg","type":"image\/jpeg"}],"twitter_card":"summary_large_image","schema":{"@context":"https:\/\/schema.org","@graph":[{"@type":"WebPage","@id":"https:\/\/lpg-view.com\/de\/produkt\/telefonische-anwendung\/","url":"https:\/\/lpg-view.com\/de\/produkt\/telefonische-anwendung\/","name":"Telefonische Anwendung - LPG View","isPartOf":{"@id":"https:\/\/lpg-view.com\/de\/#website"},"primaryImageOfPage":{"@id":"https:\/\/lpg-view.com\/de\/produkt\/telefonische-anwendung\/#primaryimage"},"image":{"@id":"https:\/\/lpg-view.com\/de\/produkt\/telefonische-anwendung\/#primaryimage"},"thumbnailUrl":"https:\/\/lpg-view.com\/wp-content\/uploads\/2021\/10\/Screenshot_20220525-145753_LPG-View.jpg","datePublished":"2021-10-13T07:12:17+00:00","dateModified":"2021-10-13T07:12:17+00:00","breadcrumb":{"@id":"https:\/\/lpg-view.com\/de\/produkt\/telefonische-anwendung\/#breadcrumb"},"inLanguage":"de","potentialAction":[{"@type":"ReadAction","target":["https:\/\/lpg-view.com\/de\/produkt\/telefonische-anwendung\/"]}]},{"@type":"ImageObject","inLanguage":"de","@id":"https:\/\/lpg-view.com\/de\/produkt\/telefonische-anwendung\/#primaryimage","url":"https:\/\/lpg-view.com\/wp-content\/uploads\/2021\/10\/Screenshot_20220525-145753_LPG-View.jpg","contentUrl":"https:\/\/lpg-view.com\/wp-content\/uploads\/2021\/10\/Screenshot_20220525-145753_LPG-View.jpg","width":1080,"height":2400},{"@type":"BreadcrumbList","@id":"https:\/\/lpg-view.com\/de\/produkt\/telefonische-anwendung\/#breadcrumb","itemListElement":[{"@type":"ListItem","position":1,"name":"Strona g\u0142\u00f3wna","item":"https:\/\/lpg-view.com\/de\/startseite\/"},{"@type":"ListItem","position":2,"name":"Shop","item":"https:\/\/lpg-view.com\/de\/shop\/"},{"@type":"ListItem","position":3,"name":"Telefonische Anwendung"}]},{"@type":"WebSite","@id":"https:\/\/lpg-view.com\/de\/#website","url":"https:\/\/lpg-view.com\/de\/","name":"LPG View","description":"LPG View - wszystko o twoim zbiorniku","publisher":{"@id":"https:\/\/lpg-view.com\/de\/#organization"},"potentialAction":[{"@type":"SearchAction","target":{"@type":"EntryPoint","urlTemplate":"https:\/\/lpg-view.com\/de\/?s={search_term_string}"},"query-input":{"@type":"PropertyValueSpecification","valueRequired":true,"valueName":"search_term_string"}}],"inLanguage":"de"},{"@type":"Organization","@id":"https:\/\/lpg-view.com\/de\/#organization","name":"LPG View","url":"https:\/\/lpg-view.com\/de\/","logo":{"@type":"ImageObject","inLanguage":"de","@id":"https:\/\/lpg-view.com\/de\/#\/schema\/logo\/image\/","url":"https:\/\/lpg-view.com\/wp-content\/uploads\/2022\/04\/lpg-logo.svg","contentUrl":"https:\/\/lpg-view.com\/wp-content\/uploads\/2022\/04\/lpg-logo.svg","width":146,"height":20,"caption":"LPG View"},"image":{"@id":"https:\/\/lpg-view.com\/de\/#\/schema\/logo\/image\/"}}]}},"_links":{"self":[{"href":"https:\/\/lpg-view.com\/de\/wp-json\/wp\/v2\/product\/9657","targetHints":{"allow":["GET"]}}],"collection":[{"href":"https:\/\/lpg-view.com\/de\/wp-json\/wp\/v2\/product"}],"about":[{"href":"https:\/\/lpg-view.com\/de\/wp-json\/wp\/v2\/types\/product"}],"replies":[{"embeddable":true,"href":"https:\/\/lpg-view.com\/de\/wp-json\/wp\/v2\/comments?post=9657"}],"version-history":[{"count":0,"href":"https:\/\/lpg-view.com\/de\/wp-json\/wp\/v2\/product\/9657\/revisions"}],"wp:featuredmedia":[{"embeddable":true,"href":"https:\/\/lpg-view.com\/de\/wp-json\/wp\/v2\/media\/9557"}],"wp:attachment":[{"href":"https:\/\/lpg-view.com\/de\/wp-json\/wp\/v2\/media?parent=9657"}],"wp:term":[{"taxonomy":"product_brand","embeddable":true,"href":"https:\/\/lpg-view.com\/de\/wp-json\/wp\/v2\/product_brand?post=9657"},{"taxonomy":"product_cat","embeddable":true,"href":"https:\/\/lpg-view.com\/de\/wp-json\/wp\/v2\/product_cat?post=9657"},{"taxonomy":"product_tag","embeddable":true,"href":"https:\/\/lpg-view.com\/de\/wp-json\/wp\/v2\/product_tag?post=9657"}],"curies":[{"name":"wp","href":"https:\/\/api.w.org\/{rel}","templated":true}]}}