{"id":9736,"date":"2020-05-19T11:53:19","date_gmt":"2020-05-19T09:53:19","guid":{"rendered":"https:\/\/lpg-view.com\/wie-man-anfaengt\/ausruestung-fuer-die-telemetrie\/"},"modified":"2025-03-12T12:17:23","modified_gmt":"2025-03-12T11:17:23","slug":"ausruestung-fuer-die-telemetrie","status":"publish","type":"page","link":"https:\/\/lpg-view.com\/de\/wie-man-anfaengt\/ausruestung-fuer-die-telemetrie\/","title":{"rendered":"Ausr\u00fcstung f\u00fcr die Telemetrie"},"content":{"rendered":"\t\t<div data-elementor-type=\"wp-page\" data-elementor-id=\"9736\" class=\"elementor elementor-9736 elementor-698\" data-elementor-post-type=\"page\">\n\t\t\t\t\t\t<section class=\"elementor-section elementor-top-section elementor-element elementor-element-e0820f4 elementor-section-boxed elementor-section-height-default elementor-section-height-default\" data-id=\"e0820f4\" data-element_type=\"section\" data-settings=\"{&quot;background_background&quot;:&quot;classic&quot;}\">\n\t\t\t\t\t\t<div class=\"elementor-container elementor-column-gap-default\">\n\t\t\t\t\t<div class=\"elementor-column elementor-col-50 elementor-top-column elementor-element elementor-element-7594e8d\" data-id=\"7594e8d\" data-element_type=\"column\">\n\t\t\t<div class=\"elementor-widget-wrap elementor-element-populated\">\n\t\t\t\t\t\t<div class=\"elementor-element elementor-element-a38057c elementor-widget elementor-widget-image\" data-id=\"a38057c\" data-element_type=\"widget\" data-widget_type=\"image.default\">\n\t\t\t\t<div class=\"elementor-widget-container\">\n\t\t\t<style>\/*! elementor - v3.19.0 - 28-02-2024 *\/\n.elementor-widget-image{text-align:center}.elementor-widget-image a{display:inline-block}.elementor-widget-image a img[src$=\".svg\"]{width:48px}.elementor-widget-image img{vertical-align:middle;display:inline-block}<\/style>\t\t\t\t\t\t\t\t\t\t<img fetchpriority=\"high\" decoding=\"async\" width=\"900\" height=\"900\" src=\"https:\/\/lpg-view.com\/wp-content\/uploads\/2021\/10\/TEK-Rochester_oHg_1000-\u2014-kopia-e1633546979170.png\" class=\"attachment-full size-full wp-image-915\" alt=\"\" srcset=\"https:\/\/lpg-view.com\/wp-content\/uploads\/2021\/10\/TEK-Rochester_oHg_1000-\u2014-kopia-e1633546979170.png 900w, https:\/\/lpg-view.com\/wp-content\/uploads\/2021\/10\/TEK-Rochester_oHg_1000-\u2014-kopia-e1633546979170-300x300.png 300w, https:\/\/lpg-view.com\/wp-content\/uploads\/2021\/10\/TEK-Rochester_oHg_1000-\u2014-kopia-e1633546979170-100x100.png 100w, https:\/\/lpg-view.com\/wp-content\/uploads\/2021\/10\/TEK-Rochester_oHg_1000-\u2014-kopia-e1633546979170-600x600.png 600w\" sizes=\"(max-width: 900px) 100vw, 900px\" \/>\t\t\t\t\t\t\t\t\t\t\t\t\t<\/div>\n\t\t\t\t<\/div>\n\t\t\t\t\t<\/div>\n\t\t<\/div>\n\t\t\t\t<div class=\"elementor-column elementor-col-50 elementor-top-column elementor-element elementor-element-b0d2847\" data-id=\"b0d2847\" data-element_type=\"column\">\n\t\t\t<div class=\"elementor-widget-wrap elementor-element-populated\">\n\t\t\t\t\t\t<div class=\"elementor-element elementor-element-fc4829b elementor-widget elementor-widget-heading\" data-id=\"fc4829b\" data-element_type=\"widget\" data-widget_type=\"heading.default\">\n\t\t\t\t<div class=\"elementor-widget-container\">\n\t\t\t<style>\/*! elementor - v3.19.0 - 28-02-2024 *\/\n.elementor-heading-title{padding:0;margin:0;line-height:1}.elementor-widget-heading .elementor-heading-title[class*=elementor-size-]>a{color:inherit;font-size:inherit;line-height:inherit}.elementor-widget-heading .elementor-heading-title.elementor-size-small{font-size:15px}.elementor-widget-heading .elementor-heading-title.elementor-size-medium{font-size:19px}.elementor-widget-heading .elementor-heading-title.elementor-size-large{font-size:29px}.elementor-widget-heading .elementor-heading-title.elementor-size-xl{font-size:39px}.elementor-widget-heading .elementor-heading-title.elementor-size-xxl{font-size:59px}<\/style><h1 class=\"elementor-heading-title elementor-size-default\">\nGer\u00e4tetelemetrie<\/h1>\t\t<\/div>\n\t\t\t\t<\/div>\n\t\t\t\t<div class=\"elementor-element elementor-element-bebe09d elementor-widget elementor-widget-text-editor\" data-id=\"bebe09d\" data-element_type=\"widget\" data-widget_type=\"text-editor.default\">\n\t\t\t\t<div class=\"elementor-widget-container\">\n\t\t\t<style>\/*! elementor - v3.19.0 - 28-02-2024 *\/\n.elementor-widget-text-editor.elementor-drop-cap-view-stacked .elementor-drop-cap{background-color:#69727d;color:#fff}.elementor-widget-text-editor.elementor-drop-cap-view-framed .elementor-drop-cap{color:#69727d;border:3px solid;background-color:transparent}.elementor-widget-text-editor:not(.elementor-drop-cap-view-default) .elementor-drop-cap{margin-top:8px}.elementor-widget-text-editor:not(.elementor-drop-cap-view-default) .elementor-drop-cap-letter{width:1em;height:1em}.elementor-widget-text-editor .elementor-drop-cap{float:left;text-align:center;line-height:1;font-size:50px}.elementor-widget-text-editor .elementor-drop-cap-letter{display:inline-block}<\/style>\t\t\t\t<p>Um unseren Support nutzen zu k\u00f6nnen, m\u00fcssen Sie ein Telemetrieger\u00e4t besitzen. Sie k\u00f6nnen dies auf verschiedene Weise tun:<\/p>\n<ul>\n<li>direkt bei IPS System bestellen<\/li>\n<li>Bestellung bei einem IPS-Systempartner (Liste auf der Registerkarte Partner)<\/li>\n<li>die Kosten f\u00fcr das Ger\u00e4t betragen: PLN<strong> 1900.00<\/strong> netto<\/li>\n<\/ul>\n<p>Denken Sie daran, dass Sie immer noch eine App oder einen Server ben\u00f6tigen, um das Ger\u00e4t zu verwenden.<\/p>\n<p>Wenn Sie nur ein Mobiltelefon benutzen m\u00f6chten und Zugang zu einem Tank haben, <a href=\"https:\/\/lpg-view.com\/de\/wie-man-anfaengt\/telefonische-anwendung\/\" target=\"_blank\" rel=\"noopener\">klicken Sie hier.<\/a><\/p>\n<p>Wenn Sie sich f\u00fcr den Zugang zu einer Reihe von Ger\u00e4ten und Tanks interessieren &#8211; <a href=\"https:\/\/lpg-view.com\/de\/wie-man-anfaengt\/datenbank-server\/\" target=\"_blank\" rel=\"noopener\">klicken Sie hier.<\/a><\/p>\n<p><a href=\"https:\/\/lpg-view.com\/de\/technische-daten-des-geraets\/\" target=\"_blank\" rel=\"noopener\">Technische Daten und Ausstattungsmerkmale<\/a> <\/p>\n\t\t\t\t\t\t<\/div>\n\t\t\t\t<\/div>\n\t\t\t\t\t<\/div>\n\t\t<\/div>\n\t\t\t\t\t<\/div>\n\t\t<\/section>\n\t\t\t\t<\/div>\n\t\t","protected":false},"excerpt":{"rendered":"<p>Ger\u00e4tetelemetrie Um unseren Support nutzen zu k\u00f6nnen, m\u00fcssen Sie ein Telemetrieger\u00e4t besitzen. Sie k\u00f6nnen dies auf verschiedene Weise tun: direkt bei IPS System bestellen Bestellung bei einem IPS-Systempartner (Liste auf der Registerkarte Partner) die Kosten f\u00fcr das Ger\u00e4t betragen: PLN 1900.00 netto Denken Sie daran, dass Sie immer noch eine App oder einen Server ben\u00f6tigen, [&hellip;]<\/p>\n","protected":false},"author":1,"featured_media":0,"parent":9574,"menu_order":0,"comment_status":"closed","ping_status":"closed","template":"page-templates\/fullwidth-content.php","meta":{"inline_featured_image":false,"footnotes":""},"class_list":["post-9736","page","type-page","status-publish","hentry"],"yoast_head":"<!-- This site is optimized with the Yoast SEO plugin v24.3 - https:\/\/yoast.com\/wordpress\/plugins\/seo\/ -->\n<title>Ausr\u00fcstung f\u00fcr die Telemetrie - LPG View<\/title>\n<meta name=\"robots\" content=\"index, follow, max-snippet:-1, max-image-preview:large, max-video-preview:-1\" \/>\n<link rel=\"canonical\" href=\"https:\/\/lpg-view.com\/de\/wie-man-anfaengt\/ausruestung-fuer-die-telemetrie\/\" \/>\n<meta property=\"og:locale\" content=\"de_DE\" \/>\n<meta property=\"og:type\" content=\"article\" \/>\n<meta property=\"og:title\" content=\"Ausr\u00fcstung f\u00fcr die Telemetrie - LPG View\" \/>\n<meta property=\"og:description\" content=\"Ger\u00e4tetelemetrie Um unseren Support nutzen zu k\u00f6nnen, m\u00fcssen Sie ein Telemetrieger\u00e4t besitzen. Sie k\u00f6nnen dies auf verschiedene Weise tun: direkt bei IPS System bestellen Bestellung bei einem IPS-Systempartner (Liste auf der Registerkarte Partner) die Kosten f\u00fcr das Ger\u00e4t betragen: PLN 1900.00 netto Denken Sie daran, dass Sie immer noch eine App oder einen Server ben\u00f6tigen, [&hellip;]\" \/>\n<meta property=\"og:url\" content=\"https:\/\/lpg-view.com\/de\/wie-man-anfaengt\/ausruestung-fuer-die-telemetrie\/\" \/>\n<meta property=\"og:site_name\" content=\"LPG View\" \/>\n<meta property=\"article:modified_time\" content=\"2025-03-12T11:17:23+00:00\" \/>\n<meta name=\"twitter:card\" content=\"summary_large_image\" \/>\n<meta name=\"twitter:label1\" content=\"Gesch\u00e4tzte Lesezeit\" \/>\n\t<meta name=\"twitter:data1\" content=\"1\u00a0Minute\" \/>\n<script type=\"application\/ld+json\" class=\"yoast-schema-graph\">{\"@context\":\"https:\/\/schema.org\",\"@graph\":[{\"@type\":\"WebPage\",\"@id\":\"https:\/\/lpg-view.com\/de\/wie-man-anfaengt\/ausruestung-fuer-die-telemetrie\/\",\"url\":\"https:\/\/lpg-view.com\/de\/wie-man-anfaengt\/ausruestung-fuer-die-telemetrie\/\",\"name\":\"Ausr\u00fcstung f\u00fcr die Telemetrie - LPG View\",\"isPartOf\":{\"@id\":\"https:\/\/lpg-view.com\/de\/#website\"},\"datePublished\":\"2020-05-19T09:53:19+00:00\",\"dateModified\":\"2025-03-12T11:17:23+00:00\",\"breadcrumb\":{\"@id\":\"https:\/\/lpg-view.com\/de\/wie-man-anfaengt\/ausruestung-fuer-die-telemetrie\/#breadcrumb\"},\"inLanguage\":\"de\",\"potentialAction\":[{\"@type\":\"ReadAction\",\"target\":[\"https:\/\/lpg-view.com\/de\/wie-man-anfaengt\/ausruestung-fuer-die-telemetrie\/\"]}]},{\"@type\":\"BreadcrumbList\",\"@id\":\"https:\/\/lpg-view.com\/de\/wie-man-anfaengt\/ausruestung-fuer-die-telemetrie\/#breadcrumb\",\"itemListElement\":[{\"@type\":\"ListItem\",\"position\":1,\"name\":\"Strona g\u0142\u00f3wna\",\"item\":\"https:\/\/lpg-view.com\/de\/startseite\/\"},{\"@type\":\"ListItem\",\"position\":2,\"name\":\"Wie man anf\u00e4ngt\",\"item\":\"https:\/\/lpg-view.com\/de\/wie-man-anfaengt\/\"},{\"@type\":\"ListItem\",\"position\":3,\"name\":\"Ausr\u00fcstung f\u00fcr die Telemetrie\"}]},{\"@type\":\"WebSite\",\"@id\":\"https:\/\/lpg-view.com\/de\/#website\",\"url\":\"https:\/\/lpg-view.com\/de\/\",\"name\":\"LPG View\",\"description\":\"LPG View - wszystko o twoim zbiorniku\",\"publisher\":{\"@id\":\"https:\/\/lpg-view.com\/de\/#organization\"},\"potentialAction\":[{\"@type\":\"SearchAction\",\"target\":{\"@type\":\"EntryPoint\",\"urlTemplate\":\"https:\/\/lpg-view.com\/de\/?s={search_term_string}\"},\"query-input\":{\"@type\":\"PropertyValueSpecification\",\"valueRequired\":true,\"valueName\":\"search_term_string\"}}],\"inLanguage\":\"de\"},{\"@type\":\"Organization\",\"@id\":\"https:\/\/lpg-view.com\/de\/#organization\",\"name\":\"LPG View\",\"url\":\"https:\/\/lpg-view.com\/de\/\",\"logo\":{\"@type\":\"ImageObject\",\"inLanguage\":\"de\",\"@id\":\"https:\/\/lpg-view.com\/de\/#\/schema\/logo\/image\/\",\"url\":\"https:\/\/lpg-view.com\/wp-content\/uploads\/2022\/04\/lpg-logo.svg\",\"contentUrl\":\"https:\/\/lpg-view.com\/wp-content\/uploads\/2022\/04\/lpg-logo.svg\",\"width\":146,\"height\":20,\"caption\":\"LPG View\"},\"image\":{\"@id\":\"https:\/\/lpg-view.com\/de\/#\/schema\/logo\/image\/\"}}]}<\/script>\n<!-- \/ Yoast SEO plugin. -->","yoast_head_json":{"title":"Ausr\u00fcstung f\u00fcr die Telemetrie - LPG View","robots":{"index":"index","follow":"follow","max-snippet":"max-snippet:-1","max-image-preview":"max-image-preview:large","max-video-preview":"max-video-preview:-1"},"canonical":"https:\/\/lpg-view.com\/de\/wie-man-anfaengt\/ausruestung-fuer-die-telemetrie\/","og_locale":"de_DE","og_type":"article","og_title":"Ausr\u00fcstung f\u00fcr die Telemetrie - LPG View","og_description":"Ger\u00e4tetelemetrie Um unseren Support nutzen zu k\u00f6nnen, m\u00fcssen Sie ein Telemetrieger\u00e4t besitzen. Sie k\u00f6nnen dies auf verschiedene Weise tun: direkt bei IPS System bestellen Bestellung bei einem IPS-Systempartner (Liste auf der Registerkarte Partner) die Kosten f\u00fcr das Ger\u00e4t betragen: PLN 1900.00 netto Denken Sie daran, dass Sie immer noch eine App oder einen Server ben\u00f6tigen, [&hellip;]","og_url":"https:\/\/lpg-view.com\/de\/wie-man-anfaengt\/ausruestung-fuer-die-telemetrie\/","og_site_name":"LPG View","article_modified_time":"2025-03-12T11:17:23+00:00","twitter_card":"summary_large_image","twitter_misc":{"Gesch\u00e4tzte Lesezeit":"1\u00a0Minute"},"schema":{"@context":"https:\/\/schema.org","@graph":[{"@type":"WebPage","@id":"https:\/\/lpg-view.com\/de\/wie-man-anfaengt\/ausruestung-fuer-die-telemetrie\/","url":"https:\/\/lpg-view.com\/de\/wie-man-anfaengt\/ausruestung-fuer-die-telemetrie\/","name":"Ausr\u00fcstung f\u00fcr die Telemetrie - LPG View","isPartOf":{"@id":"https:\/\/lpg-view.com\/de\/#website"},"datePublished":"2020-05-19T09:53:19+00:00","dateModified":"2025-03-12T11:17:23+00:00","breadcrumb":{"@id":"https:\/\/lpg-view.com\/de\/wie-man-anfaengt\/ausruestung-fuer-die-telemetrie\/#breadcrumb"},"inLanguage":"de","potentialAction":[{"@type":"ReadAction","target":["https:\/\/lpg-view.com\/de\/wie-man-anfaengt\/ausruestung-fuer-die-telemetrie\/"]}]},{"@type":"BreadcrumbList","@id":"https:\/\/lpg-view.com\/de\/wie-man-anfaengt\/ausruestung-fuer-die-telemetrie\/#breadcrumb","itemListElement":[{"@type":"ListItem","position":1,"name":"Strona g\u0142\u00f3wna","item":"https:\/\/lpg-view.com\/de\/startseite\/"},{"@type":"ListItem","position":2,"name":"Wie man anf\u00e4ngt","item":"https:\/\/lpg-view.com\/de\/wie-man-anfaengt\/"},{"@type":"ListItem","position":3,"name":"Ausr\u00fcstung f\u00fcr die Telemetrie"}]},{"@type":"WebSite","@id":"https:\/\/lpg-view.com\/de\/#website","url":"https:\/\/lpg-view.com\/de\/","name":"LPG View","description":"LPG View - wszystko o twoim zbiorniku","publisher":{"@id":"https:\/\/lpg-view.com\/de\/#organization"},"potentialAction":[{"@type":"SearchAction","target":{"@type":"EntryPoint","urlTemplate":"https:\/\/lpg-view.com\/de\/?s={search_term_string}"},"query-input":{"@type":"PropertyValueSpecification","valueRequired":true,"valueName":"search_term_string"}}],"inLanguage":"de"},{"@type":"Organization","@id":"https:\/\/lpg-view.com\/de\/#organization","name":"LPG View","url":"https:\/\/lpg-view.com\/de\/","logo":{"@type":"ImageObject","inLanguage":"de","@id":"https:\/\/lpg-view.com\/de\/#\/schema\/logo\/image\/","url":"https:\/\/lpg-view.com\/wp-content\/uploads\/2022\/04\/lpg-logo.svg","contentUrl":"https:\/\/lpg-view.com\/wp-content\/uploads\/2022\/04\/lpg-logo.svg","width":146,"height":20,"caption":"LPG View"},"image":{"@id":"https:\/\/lpg-view.com\/de\/#\/schema\/logo\/image\/"}}]}},"_links":{"self":[{"href":"https:\/\/lpg-view.com\/de\/wp-json\/wp\/v2\/pages\/9736","targetHints":{"allow":["GET"]}}],"collection":[{"href":"https:\/\/lpg-view.com\/de\/wp-json\/wp\/v2\/pages"}],"about":[{"href":"https:\/\/lpg-view.com\/de\/wp-json\/wp\/v2\/types\/page"}],"author":[{"embeddable":true,"href":"https:\/\/lpg-view.com\/de\/wp-json\/wp\/v2\/users\/1"}],"replies":[{"embeddable":true,"href":"https:\/\/lpg-view.com\/de\/wp-json\/wp\/v2\/comments?post=9736"}],"version-history":[{"count":3,"href":"https:\/\/lpg-view.com\/de\/wp-json\/wp\/v2\/pages\/9736\/revisions"}],"predecessor-version":[{"id":9812,"href":"https:\/\/lpg-view.com\/de\/wp-json\/wp\/v2\/pages\/9736\/revisions\/9812"}],"up":[{"embeddable":true,"href":"https:\/\/lpg-view.com\/de\/wp-json\/wp\/v2\/pages\/9574"}],"wp:attachment":[{"href":"https:\/\/lpg-view.com\/de\/wp-json\/wp\/v2\/media?parent=9736"}],"curies":[{"name":"wp","href":"https:\/\/api.w.org\/{rel}","templated":true}]}}