{"id":9735,"date":"2021-11-30T12:18:07","date_gmt":"2021-11-30T11:18:07","guid":{"rendered":"https:\/\/lpg-view.com\/startseite\/professionalitaet\/"},"modified":"2025-01-31T13:52:48","modified_gmt":"2025-01-31T12:52:48","slug":"professionalitaet","status":"publish","type":"page","link":"https:\/\/lpg-view.com\/de\/startseite\/professionalitaet\/","title":{"rendered":"Professionalit\u00e4t"},"content":{"rendered":"\t\t<div data-elementor-type=\"wp-page\" data-elementor-id=\"9735\" class=\"elementor elementor-9735 elementor-1494\" data-elementor-post-type=\"page\">\n\t\t\t\t\t\t<section class=\"elementor-section elementor-top-section elementor-element elementor-element-f5ccd47 elementor-section-boxed elementor-section-height-default elementor-section-height-default\" data-id=\"f5ccd47\" data-element_type=\"section\">\n\t\t\t\t\t\t<div class=\"elementor-container elementor-column-gap-default\">\n\t\t\t\t\t<div class=\"elementor-column elementor-col-100 elementor-top-column elementor-element elementor-element-35352bf\" data-id=\"35352bf\" data-element_type=\"column\">\n\t\t\t<div class=\"elementor-widget-wrap elementor-element-populated\">\n\t\t\t\t\t\t<section class=\"elementor-section elementor-inner-section elementor-element elementor-element-693ada5 elementor-section-boxed elementor-section-height-default elementor-section-height-default\" data-id=\"693ada5\" data-element_type=\"section\">\n\t\t\t\t\t\t<div class=\"elementor-container elementor-column-gap-default\">\n\t\t\t\t\t<div class=\"elementor-column elementor-col-50 elementor-inner-column elementor-element elementor-element-f634c6a\" data-id=\"f634c6a\" data-element_type=\"column\">\n\t\t\t<div class=\"elementor-widget-wrap elementor-element-populated\">\n\t\t\t\t\t\t<div class=\"elementor-element elementor-element-9079256 elementor-widget elementor-widget-image\" data-id=\"9079256\" data-element_type=\"widget\" data-widget_type=\"image.default\">\n\t\t\t\t<div class=\"elementor-widget-container\">\n\t\t\t<style>\/*! elementor - v3.19.0 - 28-02-2024 *\/\n.elementor-widget-image{text-align:center}.elementor-widget-image a{display:inline-block}.elementor-widget-image a img[src$=\".svg\"]{width:48px}.elementor-widget-image img{vertical-align:middle;display:inline-block}<\/style>\t\t\t\t\t\t\t\t\t\t<img fetchpriority=\"high\" decoding=\"async\" width=\"1024\" height=\"576\" src=\"https:\/\/lpg-view.com\/wp-content\/uploads\/2021\/11\/AdobeStock_282672236-\u2014-kopia-1024x576.jpeg\" class=\"attachment-large size-large wp-image-1123\" alt=\"\" srcset=\"https:\/\/lpg-view.com\/wp-content\/uploads\/2021\/11\/AdobeStock_282672236-\u2014-kopia-1024x576.jpeg 1024w, https:\/\/lpg-view.com\/wp-content\/uploads\/2021\/11\/AdobeStock_282672236-\u2014-kopia-600x338.jpeg 600w, https:\/\/lpg-view.com\/wp-content\/uploads\/2021\/11\/AdobeStock_282672236-\u2014-kopia-300x169.jpeg 300w, https:\/\/lpg-view.com\/wp-content\/uploads\/2021\/11\/AdobeStock_282672236-\u2014-kopia-768x432.jpeg 768w, https:\/\/lpg-view.com\/wp-content\/uploads\/2021\/11\/AdobeStock_282672236-\u2014-kopia-150x85.jpeg 150w, https:\/\/lpg-view.com\/wp-content\/uploads\/2021\/11\/AdobeStock_282672236-\u2014-kopia.jpeg 1183w\" sizes=\"(max-width: 1024px) 100vw, 1024px\" \/>\t\t\t\t\t\t\t\t\t\t\t\t\t<\/div>\n\t\t\t\t<\/div>\n\t\t\t\t\t<\/div>\n\t\t<\/div>\n\t\t\t\t<div class=\"elementor-column elementor-col-50 elementor-inner-column elementor-element elementor-element-366f5e8\" data-id=\"366f5e8\" data-element_type=\"column\">\n\t\t\t<div class=\"elementor-widget-wrap elementor-element-populated\">\n\t\t\t\t\t\t<div class=\"elementor-element elementor-element-1a2595f elementor-widget elementor-widget-text-editor\" data-id=\"1a2595f\" data-element_type=\"widget\" data-widget_type=\"text-editor.default\">\n\t\t\t\t<div class=\"elementor-widget-container\">\n\t\t\t<style>\/*! elementor - v3.19.0 - 28-02-2024 *\/\n.elementor-widget-text-editor.elementor-drop-cap-view-stacked .elementor-drop-cap{background-color:#69727d;color:#fff}.elementor-widget-text-editor.elementor-drop-cap-view-framed .elementor-drop-cap{color:#69727d;border:3px solid;background-color:transparent}.elementor-widget-text-editor:not(.elementor-drop-cap-view-default) .elementor-drop-cap{margin-top:8px}.elementor-widget-text-editor:not(.elementor-drop-cap-view-default) .elementor-drop-cap-letter{width:1em;height:1em}.elementor-widget-text-editor .elementor-drop-cap{float:left;text-align:center;line-height:1;font-size:50px}.elementor-widget-text-editor .elementor-drop-cap-letter{display:inline-block}<\/style>\t\t\t\t<p>Wir verf\u00fcgen \u00fcber mehr als 10 Jahre Erfahrung im Bereich der Installation von Fl\u00fcssiggasheizungen.<\/p>\n<p>Wir bem\u00fchen uns um einen schnellen und problemlosen Kundenservice.<\/p>\n<p>Wir wissen, wie wichtig es ist, dass unsere Partner bei uns Unterst\u00fctzung finden, wenn sie sie brauchen.<\/p>\n<p>Sie k\u00f6nnen uns jederzeit direkt oder \u00fcber unser Netzwerk von Partnern kontaktieren. Ihre Liste finden Sie unter Partner.<\/p>\n\t\t\t\t\t\t<\/div>\n\t\t\t\t<\/div>\n\t\t\t\t\t<\/div>\n\t\t<\/div>\n\t\t\t\t\t<\/div>\n\t\t<\/section>\n\t\t\t\t\t<\/div>\n\t\t<\/div>\n\t\t\t\t\t<\/div>\n\t\t<\/section>\n\t\t\t\t<\/div>\n\t\t","protected":false},"excerpt":{"rendered":"<p>Wir verf\u00fcgen \u00fcber mehr als 10 Jahre Erfahrung im Bereich der Installation von Fl\u00fcssiggasheizungen. Wir bem\u00fchen uns um einen schnellen und problemlosen Kundenservice. Wir wissen, wie wichtig es ist, dass unsere Partner bei uns Unterst\u00fctzung finden, wenn sie sie brauchen. Sie k\u00f6nnen uns jederzeit direkt oder \u00fcber unser Netzwerk von Partnern kontaktieren. Ihre Liste finden [&hellip;]<\/p>\n","protected":false},"author":2,"featured_media":0,"parent":9598,"menu_order":0,"comment_status":"closed","ping_status":"closed","template":"","meta":{"inline_featured_image":false,"footnotes":""},"class_list":["post-9735","page","type-page","status-publish","hentry"],"yoast_head":"<!-- This site is optimized with the Yoast SEO plugin v24.3 - https:\/\/yoast.com\/wordpress\/plugins\/seo\/ -->\n<title>Professionalit\u00e4t - LPG View<\/title>\n<meta name=\"robots\" content=\"index, follow, max-snippet:-1, max-image-preview:large, max-video-preview:-1\" \/>\n<link rel=\"canonical\" href=\"https:\/\/lpg-view.com\/de\/startseite\/professionalitaet\/\" \/>\n<meta property=\"og:locale\" content=\"de_DE\" \/>\n<meta property=\"og:type\" content=\"article\" \/>\n<meta property=\"og:title\" content=\"Professionalit\u00e4t - LPG View\" \/>\n<meta property=\"og:description\" content=\"Wir verf\u00fcgen \u00fcber mehr als 10 Jahre Erfahrung im Bereich der Installation von Fl\u00fcssiggasheizungen. Wir bem\u00fchen uns um einen schnellen und problemlosen Kundenservice. Wir wissen, wie wichtig es ist, dass unsere Partner bei uns Unterst\u00fctzung finden, wenn sie sie brauchen. Sie k\u00f6nnen uns jederzeit direkt oder \u00fcber unser Netzwerk von Partnern kontaktieren. Ihre Liste finden [&hellip;]\" \/>\n<meta property=\"og:url\" content=\"https:\/\/lpg-view.com\/de\/startseite\/professionalitaet\/\" \/>\n<meta property=\"og:site_name\" content=\"LPG View\" \/>\n<meta property=\"article:modified_time\" content=\"2025-01-31T12:52:48+00:00\" \/>\n<meta name=\"twitter:card\" content=\"summary_large_image\" \/>\n<script type=\"application\/ld+json\" class=\"yoast-schema-graph\">{\"@context\":\"https:\/\/schema.org\",\"@graph\":[{\"@type\":\"WebPage\",\"@id\":\"https:\/\/lpg-view.com\/de\/startseite\/professionalitaet\/\",\"url\":\"https:\/\/lpg-view.com\/de\/startseite\/professionalitaet\/\",\"name\":\"Professionalit\u00e4t - LPG View\",\"isPartOf\":{\"@id\":\"https:\/\/lpg-view.com\/de\/#website\"},\"datePublished\":\"2021-11-30T11:18:07+00:00\",\"dateModified\":\"2025-01-31T12:52:48+00:00\",\"breadcrumb\":{\"@id\":\"https:\/\/lpg-view.com\/de\/startseite\/professionalitaet\/#breadcrumb\"},\"inLanguage\":\"de\",\"potentialAction\":[{\"@type\":\"ReadAction\",\"target\":[\"https:\/\/lpg-view.com\/de\/startseite\/professionalitaet\/\"]}]},{\"@type\":\"BreadcrumbList\",\"@id\":\"https:\/\/lpg-view.com\/de\/startseite\/professionalitaet\/#breadcrumb\",\"itemListElement\":[{\"@type\":\"ListItem\",\"position\":1,\"name\":\"Strona g\u0142\u00f3wna\",\"item\":\"https:\/\/lpg-view.com\/de\/startseite\/\"},{\"@type\":\"ListItem\",\"position\":2,\"name\":\"Startseite\",\"item\":\"https:\/\/lpg-view.com\/de\/startseite\/\"},{\"@type\":\"ListItem\",\"position\":3,\"name\":\"Professionalit\u00e4t\"}]},{\"@type\":\"WebSite\",\"@id\":\"https:\/\/lpg-view.com\/de\/#website\",\"url\":\"https:\/\/lpg-view.com\/de\/\",\"name\":\"LPG View\",\"description\":\"LPG View - wszystko o twoim zbiorniku\",\"publisher\":{\"@id\":\"https:\/\/lpg-view.com\/de\/#organization\"},\"potentialAction\":[{\"@type\":\"SearchAction\",\"target\":{\"@type\":\"EntryPoint\",\"urlTemplate\":\"https:\/\/lpg-view.com\/de\/?s={search_term_string}\"},\"query-input\":{\"@type\":\"PropertyValueSpecification\",\"valueRequired\":true,\"valueName\":\"search_term_string\"}}],\"inLanguage\":\"de\"},{\"@type\":\"Organization\",\"@id\":\"https:\/\/lpg-view.com\/de\/#organization\",\"name\":\"LPG View\",\"url\":\"https:\/\/lpg-view.com\/de\/\",\"logo\":{\"@type\":\"ImageObject\",\"inLanguage\":\"de\",\"@id\":\"https:\/\/lpg-view.com\/de\/#\/schema\/logo\/image\/\",\"url\":\"https:\/\/lpg-view.com\/wp-content\/uploads\/2022\/04\/lpg-logo.svg\",\"contentUrl\":\"https:\/\/lpg-view.com\/wp-content\/uploads\/2022\/04\/lpg-logo.svg\",\"width\":146,\"height\":20,\"caption\":\"LPG View\"},\"image\":{\"@id\":\"https:\/\/lpg-view.com\/de\/#\/schema\/logo\/image\/\"}}]}<\/script>\n<!-- \/ Yoast SEO plugin. -->","yoast_head_json":{"title":"Professionalit\u00e4t - LPG View","robots":{"index":"index","follow":"follow","max-snippet":"max-snippet:-1","max-image-preview":"max-image-preview:large","max-video-preview":"max-video-preview:-1"},"canonical":"https:\/\/lpg-view.com\/de\/startseite\/professionalitaet\/","og_locale":"de_DE","og_type":"article","og_title":"Professionalit\u00e4t - LPG View","og_description":"Wir verf\u00fcgen \u00fcber mehr als 10 Jahre Erfahrung im Bereich der Installation von Fl\u00fcssiggasheizungen. Wir bem\u00fchen uns um einen schnellen und problemlosen Kundenservice. Wir wissen, wie wichtig es ist, dass unsere Partner bei uns Unterst\u00fctzung finden, wenn sie sie brauchen. Sie k\u00f6nnen uns jederzeit direkt oder \u00fcber unser Netzwerk von Partnern kontaktieren. Ihre Liste finden [&hellip;]","og_url":"https:\/\/lpg-view.com\/de\/startseite\/professionalitaet\/","og_site_name":"LPG View","article_modified_time":"2025-01-31T12:52:48+00:00","twitter_card":"summary_large_image","schema":{"@context":"https:\/\/schema.org","@graph":[{"@type":"WebPage","@id":"https:\/\/lpg-view.com\/de\/startseite\/professionalitaet\/","url":"https:\/\/lpg-view.com\/de\/startseite\/professionalitaet\/","name":"Professionalit\u00e4t - LPG View","isPartOf":{"@id":"https:\/\/lpg-view.com\/de\/#website"},"datePublished":"2021-11-30T11:18:07+00:00","dateModified":"2025-01-31T12:52:48+00:00","breadcrumb":{"@id":"https:\/\/lpg-view.com\/de\/startseite\/professionalitaet\/#breadcrumb"},"inLanguage":"de","potentialAction":[{"@type":"ReadAction","target":["https:\/\/lpg-view.com\/de\/startseite\/professionalitaet\/"]}]},{"@type":"BreadcrumbList","@id":"https:\/\/lpg-view.com\/de\/startseite\/professionalitaet\/#breadcrumb","itemListElement":[{"@type":"ListItem","position":1,"name":"Strona g\u0142\u00f3wna","item":"https:\/\/lpg-view.com\/de\/startseite\/"},{"@type":"ListItem","position":2,"name":"Startseite","item":"https:\/\/lpg-view.com\/de\/startseite\/"},{"@type":"ListItem","position":3,"name":"Professionalit\u00e4t"}]},{"@type":"WebSite","@id":"https:\/\/lpg-view.com\/de\/#website","url":"https:\/\/lpg-view.com\/de\/","name":"LPG View","description":"LPG View - wszystko o twoim zbiorniku","publisher":{"@id":"https:\/\/lpg-view.com\/de\/#organization"},"potentialAction":[{"@type":"SearchAction","target":{"@type":"EntryPoint","urlTemplate":"https:\/\/lpg-view.com\/de\/?s={search_term_string}"},"query-input":{"@type":"PropertyValueSpecification","valueRequired":true,"valueName":"search_term_string"}}],"inLanguage":"de"},{"@type":"Organization","@id":"https:\/\/lpg-view.com\/de\/#organization","name":"LPG View","url":"https:\/\/lpg-view.com\/de\/","logo":{"@type":"ImageObject","inLanguage":"de","@id":"https:\/\/lpg-view.com\/de\/#\/schema\/logo\/image\/","url":"https:\/\/lpg-view.com\/wp-content\/uploads\/2022\/04\/lpg-logo.svg","contentUrl":"https:\/\/lpg-view.com\/wp-content\/uploads\/2022\/04\/lpg-logo.svg","width":146,"height":20,"caption":"LPG View"},"image":{"@id":"https:\/\/lpg-view.com\/de\/#\/schema\/logo\/image\/"}}]}},"_links":{"self":[{"href":"https:\/\/lpg-view.com\/de\/wp-json\/wp\/v2\/pages\/9735","targetHints":{"allow":["GET"]}}],"collection":[{"href":"https:\/\/lpg-view.com\/de\/wp-json\/wp\/v2\/pages"}],"about":[{"href":"https:\/\/lpg-view.com\/de\/wp-json\/wp\/v2\/types\/page"}],"author":[{"embeddable":true,"href":"https:\/\/lpg-view.com\/de\/wp-json\/wp\/v2\/users\/2"}],"replies":[{"embeddable":true,"href":"https:\/\/lpg-view.com\/de\/wp-json\/wp\/v2\/comments?post=9735"}],"version-history":[{"count":1,"href":"https:\/\/lpg-view.com\/de\/wp-json\/wp\/v2\/pages\/9735\/revisions"}],"predecessor-version":[{"id":9738,"href":"https:\/\/lpg-view.com\/de\/wp-json\/wp\/v2\/pages\/9735\/revisions\/9738"}],"up":[{"embeddable":true,"href":"https:\/\/lpg-view.com\/de\/wp-json\/wp\/v2\/pages\/9598"}],"wp:attachment":[{"href":"https:\/\/lpg-view.com\/de\/wp-json\/wp\/v2\/media?parent=9735"}],"curies":[{"name":"wp","href":"https:\/\/api.w.org\/{rel}","templated":true}]}}