{"id":9630,"date":"2020-05-19T11:53:42","date_gmt":"2020-05-19T09:53:42","guid":{"rendered":"https:\/\/lpg-view.com\/wie-man-anfaengt\/telefonische-anwendung\/"},"modified":"2025-03-12T12:05:18","modified_gmt":"2025-03-12T11:05:18","slug":"telefonische-anwendung","status":"publish","type":"page","link":"https:\/\/lpg-view.com\/de\/wie-man-anfaengt\/telefonische-anwendung\/","title":{"rendered":"Telefonische Anwendung"},"content":{"rendered":"\t\t<div data-elementor-type=\"wp-page\" data-elementor-id=\"9630\" class=\"elementor elementor-9630 elementor-699\" data-elementor-post-type=\"page\">\n\t\t\t\t\t\t<section class=\"elementor-section elementor-top-section elementor-element elementor-element-e0820f4 elementor-section-boxed elementor-section-height-default elementor-section-height-default\" data-id=\"e0820f4\" data-element_type=\"section\" data-settings=\"{&quot;background_background&quot;:&quot;classic&quot;}\">\n\t\t\t\t\t\t<div class=\"elementor-container elementor-column-gap-default\">\n\t\t\t\t\t<div class=\"elementor-column elementor-col-50 elementor-top-column elementor-element elementor-element-7594e8d\" data-id=\"7594e8d\" data-element_type=\"column\">\n\t\t\t<div class=\"elementor-widget-wrap elementor-element-populated\">\n\t\t\t\t\t\t<div class=\"elementor-element elementor-element-a38057c elementor-widget elementor-widget-image\" data-id=\"a38057c\" data-element_type=\"widget\" data-widget_type=\"image.default\">\n\t\t\t\t<div class=\"elementor-widget-container\">\n\t\t\t<style>\/*! elementor - v3.19.0 - 28-02-2024 *\/\n.elementor-widget-image{text-align:center}.elementor-widget-image a{display:inline-block}.elementor-widget-image a img[src$=\".svg\"]{width:48px}.elementor-widget-image img{vertical-align:middle;display:inline-block}<\/style>\t\t\t\t\t\t\t\t\t\t<img fetchpriority=\"high\" decoding=\"async\" width=\"1171\" height=\"727\" src=\"https:\/\/lpg-view.com\/wp-content\/uploads\/2025\/03\/IN_APP_EXPERIENCE-6608.png\" class=\"attachment-full size-full wp-image-9799\" alt=\"Nowa aplikacja na telefon\" srcset=\"https:\/\/lpg-view.com\/wp-content\/uploads\/2025\/03\/IN_APP_EXPERIENCE-6608.png 1171w, https:\/\/lpg-view.com\/wp-content\/uploads\/2025\/03\/IN_APP_EXPERIENCE-6608-300x186.png 300w, https:\/\/lpg-view.com\/wp-content\/uploads\/2025\/03\/IN_APP_EXPERIENCE-6608-1024x636.png 1024w, https:\/\/lpg-view.com\/wp-content\/uploads\/2025\/03\/IN_APP_EXPERIENCE-6608-768x477.png 768w, https:\/\/lpg-view.com\/wp-content\/uploads\/2025\/03\/IN_APP_EXPERIENCE-6608-600x373.png 600w\" sizes=\"(max-width: 1171px) 100vw, 1171px\" \/>\t\t\t\t\t\t\t\t\t\t\t\t\t<\/div>\n\t\t\t\t<\/div>\n\t\t\t\t\t<\/div>\n\t\t<\/div>\n\t\t\t\t<div class=\"elementor-column elementor-col-50 elementor-top-column elementor-element elementor-element-b0d2847\" data-id=\"b0d2847\" data-element_type=\"column\">\n\t\t\t<div class=\"elementor-widget-wrap elementor-element-populated\">\n\t\t\t\t\t\t<div class=\"elementor-element elementor-element-fc4829b elementor-widget elementor-widget-heading\" data-id=\"fc4829b\" data-element_type=\"widget\" data-widget_type=\"heading.default\">\n\t\t\t\t<div class=\"elementor-widget-container\">\n\t\t\t<style>\/*! elementor - v3.19.0 - 28-02-2024 *\/\n.elementor-heading-title{padding:0;margin:0;line-height:1}.elementor-widget-heading .elementor-heading-title[class*=elementor-size-]>a{color:inherit;font-size:inherit;line-height:inherit}.elementor-widget-heading .elementor-heading-title.elementor-size-small{font-size:15px}.elementor-widget-heading .elementor-heading-title.elementor-size-medium{font-size:19px}.elementor-widget-heading .elementor-heading-title.elementor-size-large{font-size:29px}.elementor-widget-heading .elementor-heading-title.elementor-size-xl{font-size:39px}.elementor-widget-heading .elementor-heading-title.elementor-size-xxl{font-size:59px}<\/style><h1 class=\"elementor-heading-title elementor-size-default\">Telefonische Anwendung<\/h1>\t\t<\/div>\n\t\t\t\t<\/div>\n\t\t\t\t<div class=\"elementor-element elementor-element-bebe09d elementor-widget elementor-widget-text-editor\" data-id=\"bebe09d\" data-element_type=\"widget\" data-widget_type=\"text-editor.default\">\n\t\t\t\t<div class=\"elementor-widget-container\">\n\t\t\t<style>\/*! elementor - v3.19.0 - 28-02-2024 *\/\n.elementor-widget-text-editor.elementor-drop-cap-view-stacked .elementor-drop-cap{background-color:#69727d;color:#fff}.elementor-widget-text-editor.elementor-drop-cap-view-framed .elementor-drop-cap{color:#69727d;border:3px solid;background-color:transparent}.elementor-widget-text-editor:not(.elementor-drop-cap-view-default) .elementor-drop-cap{margin-top:8px}.elementor-widget-text-editor:not(.elementor-drop-cap-view-default) .elementor-drop-cap-letter{width:1em;height:1em}.elementor-widget-text-editor .elementor-drop-cap{float:left;text-align:center;line-height:1;font-size:50px}.elementor-widget-text-editor .elementor-drop-cap-letter{display:inline-block}<\/style>\t\t\t\t<p>Niemand muss heute mehr davon \u00fcberzeugt werden, welche wichtige Rolle das Telefon in unserem Leben spielt. Heute ist es aus unserem Alltag nicht mehr wegzudenken.<\/p>\n<p>Die ideale Erg\u00e4nzung f\u00fcr Ihre Bed\u00fcrfnisse ist unsere LPG View mobile App, die Sie kostenlos bei Google Play und im Apple AppStore installieren k\u00f6nnen.<\/p>\n<p>Die neue App bietet mehr M\u00f6glichkeiten f\u00fcr Benutzer, einschlie\u00dflich des gleichzeitigen Auslesens von Daten aus mehreren Tanks.<\/p>\n<p>Die Anwendung wird durch Eingabe des Aktivierungscodes aktiviert. Sie erhalten den Code direkt von IPS System.<\/p><\/p>\n\t\t\t\t\t\t<\/div>\n\t\t\t\t<\/div>\n\t\t\t\t\t<\/div>\n\t\t<\/div>\n\t\t\t\t\t<\/div>\n\t\t<\/section>\n\t\t\t\t<\/div>\n\t\t","protected":false},"excerpt":{"rendered":"<p>Telefonische Anwendung Niemand muss heute mehr davon \u00fcberzeugt werden, welche wichtige Rolle das Telefon in unserem Leben spielt. Heute ist es aus unserem Alltag nicht mehr wegzudenken. Die ideale Erg\u00e4nzung f\u00fcr Ihre Bed\u00fcrfnisse ist unsere LPG View mobile App, die Sie kostenlos bei Google Play und im Apple AppStore installieren k\u00f6nnen. Die neue App bietet [&hellip;]<\/p>\n","protected":false},"author":1,"featured_media":0,"parent":9574,"menu_order":0,"comment_status":"closed","ping_status":"closed","template":"page-templates\/fullwidth-content.php","meta":{"inline_featured_image":false,"footnotes":""},"class_list":["post-9630","page","type-page","status-publish","hentry"],"yoast_head":"<!-- This site is optimized with the Yoast SEO plugin v24.3 - https:\/\/yoast.com\/wordpress\/plugins\/seo\/ -->\n<title>Telefonische Anwendung - LPG View<\/title>\n<meta name=\"robots\" content=\"index, follow, max-snippet:-1, max-image-preview:large, max-video-preview:-1\" \/>\n<link rel=\"canonical\" href=\"https:\/\/lpg-view.com\/de\/wie-man-anfaengt\/telefonische-anwendung\/\" \/>\n<meta property=\"og:locale\" content=\"de_DE\" \/>\n<meta property=\"og:type\" content=\"article\" \/>\n<meta property=\"og:title\" content=\"Telefonische Anwendung - LPG View\" \/>\n<meta property=\"og:description\" content=\"Telefonische Anwendung Niemand muss heute mehr davon \u00fcberzeugt werden, welche wichtige Rolle das Telefon in unserem Leben spielt. Heute ist es aus unserem Alltag nicht mehr wegzudenken. Die ideale Erg\u00e4nzung f\u00fcr Ihre Bed\u00fcrfnisse ist unsere LPG View mobile App, die Sie kostenlos bei Google Play und im Apple AppStore installieren k\u00f6nnen. Die neue App bietet [&hellip;]\" \/>\n<meta property=\"og:url\" content=\"https:\/\/lpg-view.com\/de\/wie-man-anfaengt\/telefonische-anwendung\/\" \/>\n<meta property=\"og:site_name\" content=\"LPG View\" \/>\n<meta property=\"article:modified_time\" content=\"2025-03-12T11:05:18+00:00\" \/>\n<meta property=\"og:image\" content=\"https:\/\/lpg-view.com\/wp-content\/uploads\/2025\/03\/IN_APP_EXPERIENCE-6608.png\" \/>\n\t<meta property=\"og:image:width\" content=\"1171\" \/>\n\t<meta property=\"og:image:height\" content=\"727\" \/>\n\t<meta property=\"og:image:type\" content=\"image\/png\" \/>\n<meta name=\"twitter:card\" content=\"summary_large_image\" \/>\n<script type=\"application\/ld+json\" class=\"yoast-schema-graph\">{\"@context\":\"https:\/\/schema.org\",\"@graph\":[{\"@type\":\"WebPage\",\"@id\":\"https:\/\/lpg-view.com\/de\/wie-man-anfaengt\/telefonische-anwendung\/\",\"url\":\"https:\/\/lpg-view.com\/de\/wie-man-anfaengt\/telefonische-anwendung\/\",\"name\":\"Telefonische Anwendung - LPG View\",\"isPartOf\":{\"@id\":\"https:\/\/lpg-view.com\/de\/#website\"},\"primaryImageOfPage\":{\"@id\":\"https:\/\/lpg-view.com\/de\/wie-man-anfaengt\/telefonische-anwendung\/#primaryimage\"},\"image\":{\"@id\":\"https:\/\/lpg-view.com\/de\/wie-man-anfaengt\/telefonische-anwendung\/#primaryimage\"},\"thumbnailUrl\":\"https:\/\/lpg-view.com\/wp-content\/uploads\/2025\/03\/IN_APP_EXPERIENCE-6608.png\",\"datePublished\":\"2020-05-19T09:53:42+00:00\",\"dateModified\":\"2025-03-12T11:05:18+00:00\",\"breadcrumb\":{\"@id\":\"https:\/\/lpg-view.com\/de\/wie-man-anfaengt\/telefonische-anwendung\/#breadcrumb\"},\"inLanguage\":\"de\",\"potentialAction\":[{\"@type\":\"ReadAction\",\"target\":[\"https:\/\/lpg-view.com\/de\/wie-man-anfaengt\/telefonische-anwendung\/\"]}]},{\"@type\":\"ImageObject\",\"inLanguage\":\"de\",\"@id\":\"https:\/\/lpg-view.com\/de\/wie-man-anfaengt\/telefonische-anwendung\/#primaryimage\",\"url\":\"https:\/\/lpg-view.com\/wp-content\/uploads\/2025\/03\/IN_APP_EXPERIENCE-6608.png\",\"contentUrl\":\"https:\/\/lpg-view.com\/wp-content\/uploads\/2025\/03\/IN_APP_EXPERIENCE-6608.png\"},{\"@type\":\"BreadcrumbList\",\"@id\":\"https:\/\/lpg-view.com\/de\/wie-man-anfaengt\/telefonische-anwendung\/#breadcrumb\",\"itemListElement\":[{\"@type\":\"ListItem\",\"position\":1,\"name\":\"Strona g\u0142\u00f3wna\",\"item\":\"https:\/\/lpg-view.com\/de\/startseite\/\"},{\"@type\":\"ListItem\",\"position\":2,\"name\":\"Wie man anf\u00e4ngt\",\"item\":\"https:\/\/lpg-view.com\/de\/wie-man-anfaengt\/\"},{\"@type\":\"ListItem\",\"position\":3,\"name\":\"Telefonische Anwendung\"}]},{\"@type\":\"WebSite\",\"@id\":\"https:\/\/lpg-view.com\/de\/#website\",\"url\":\"https:\/\/lpg-view.com\/de\/\",\"name\":\"LPG View\",\"description\":\"LPG View - wszystko o twoim zbiorniku\",\"publisher\":{\"@id\":\"https:\/\/lpg-view.com\/de\/#organization\"},\"potentialAction\":[{\"@type\":\"SearchAction\",\"target\":{\"@type\":\"EntryPoint\",\"urlTemplate\":\"https:\/\/lpg-view.com\/de\/?s={search_term_string}\"},\"query-input\":{\"@type\":\"PropertyValueSpecification\",\"valueRequired\":true,\"valueName\":\"search_term_string\"}}],\"inLanguage\":\"de\"},{\"@type\":\"Organization\",\"@id\":\"https:\/\/lpg-view.com\/de\/#organization\",\"name\":\"LPG View\",\"url\":\"https:\/\/lpg-view.com\/de\/\",\"logo\":{\"@type\":\"ImageObject\",\"inLanguage\":\"de\",\"@id\":\"https:\/\/lpg-view.com\/de\/#\/schema\/logo\/image\/\",\"url\":\"https:\/\/lpg-view.com\/wp-content\/uploads\/2022\/04\/lpg-logo.svg\",\"contentUrl\":\"https:\/\/lpg-view.com\/wp-content\/uploads\/2022\/04\/lpg-logo.svg\",\"width\":146,\"height\":20,\"caption\":\"LPG View\"},\"image\":{\"@id\":\"https:\/\/lpg-view.com\/de\/#\/schema\/logo\/image\/\"}}]}<\/script>\n<!-- \/ Yoast SEO plugin. -->","yoast_head_json":{"title":"Telefonische Anwendung - LPG View","robots":{"index":"index","follow":"follow","max-snippet":"max-snippet:-1","max-image-preview":"max-image-preview:large","max-video-preview":"max-video-preview:-1"},"canonical":"https:\/\/lpg-view.com\/de\/wie-man-anfaengt\/telefonische-anwendung\/","og_locale":"de_DE","og_type":"article","og_title":"Telefonische Anwendung - LPG View","og_description":"Telefonische Anwendung Niemand muss heute mehr davon \u00fcberzeugt werden, welche wichtige Rolle das Telefon in unserem Leben spielt. Heute ist es aus unserem Alltag nicht mehr wegzudenken. Die ideale Erg\u00e4nzung f\u00fcr Ihre Bed\u00fcrfnisse ist unsere LPG View mobile App, die Sie kostenlos bei Google Play und im Apple AppStore installieren k\u00f6nnen. Die neue App bietet [&hellip;]","og_url":"https:\/\/lpg-view.com\/de\/wie-man-anfaengt\/telefonische-anwendung\/","og_site_name":"LPG View","article_modified_time":"2025-03-12T11:05:18+00:00","og_image":[{"width":1171,"height":727,"url":"https:\/\/lpg-view.com\/wp-content\/uploads\/2025\/03\/IN_APP_EXPERIENCE-6608.png","type":"image\/png"}],"twitter_card":"summary_large_image","schema":{"@context":"https:\/\/schema.org","@graph":[{"@type":"WebPage","@id":"https:\/\/lpg-view.com\/de\/wie-man-anfaengt\/telefonische-anwendung\/","url":"https:\/\/lpg-view.com\/de\/wie-man-anfaengt\/telefonische-anwendung\/","name":"Telefonische Anwendung - LPG View","isPartOf":{"@id":"https:\/\/lpg-view.com\/de\/#website"},"primaryImageOfPage":{"@id":"https:\/\/lpg-view.com\/de\/wie-man-anfaengt\/telefonische-anwendung\/#primaryimage"},"image":{"@id":"https:\/\/lpg-view.com\/de\/wie-man-anfaengt\/telefonische-anwendung\/#primaryimage"},"thumbnailUrl":"https:\/\/lpg-view.com\/wp-content\/uploads\/2025\/03\/IN_APP_EXPERIENCE-6608.png","datePublished":"2020-05-19T09:53:42+00:00","dateModified":"2025-03-12T11:05:18+00:00","breadcrumb":{"@id":"https:\/\/lpg-view.com\/de\/wie-man-anfaengt\/telefonische-anwendung\/#breadcrumb"},"inLanguage":"de","potentialAction":[{"@type":"ReadAction","target":["https:\/\/lpg-view.com\/de\/wie-man-anfaengt\/telefonische-anwendung\/"]}]},{"@type":"ImageObject","inLanguage":"de","@id":"https:\/\/lpg-view.com\/de\/wie-man-anfaengt\/telefonische-anwendung\/#primaryimage","url":"https:\/\/lpg-view.com\/wp-content\/uploads\/2025\/03\/IN_APP_EXPERIENCE-6608.png","contentUrl":"https:\/\/lpg-view.com\/wp-content\/uploads\/2025\/03\/IN_APP_EXPERIENCE-6608.png"},{"@type":"BreadcrumbList","@id":"https:\/\/lpg-view.com\/de\/wie-man-anfaengt\/telefonische-anwendung\/#breadcrumb","itemListElement":[{"@type":"ListItem","position":1,"name":"Strona g\u0142\u00f3wna","item":"https:\/\/lpg-view.com\/de\/startseite\/"},{"@type":"ListItem","position":2,"name":"Wie man anf\u00e4ngt","item":"https:\/\/lpg-view.com\/de\/wie-man-anfaengt\/"},{"@type":"ListItem","position":3,"name":"Telefonische Anwendung"}]},{"@type":"WebSite","@id":"https:\/\/lpg-view.com\/de\/#website","url":"https:\/\/lpg-view.com\/de\/","name":"LPG View","description":"LPG View - wszystko o twoim zbiorniku","publisher":{"@id":"https:\/\/lpg-view.com\/de\/#organization"},"potentialAction":[{"@type":"SearchAction","target":{"@type":"EntryPoint","urlTemplate":"https:\/\/lpg-view.com\/de\/?s={search_term_string}"},"query-input":{"@type":"PropertyValueSpecification","valueRequired":true,"valueName":"search_term_string"}}],"inLanguage":"de"},{"@type":"Organization","@id":"https:\/\/lpg-view.com\/de\/#organization","name":"LPG View","url":"https:\/\/lpg-view.com\/de\/","logo":{"@type":"ImageObject","inLanguage":"de","@id":"https:\/\/lpg-view.com\/de\/#\/schema\/logo\/image\/","url":"https:\/\/lpg-view.com\/wp-content\/uploads\/2022\/04\/lpg-logo.svg","contentUrl":"https:\/\/lpg-view.com\/wp-content\/uploads\/2022\/04\/lpg-logo.svg","width":146,"height":20,"caption":"LPG View"},"image":{"@id":"https:\/\/lpg-view.com\/de\/#\/schema\/logo\/image\/"}}]}},"_links":{"self":[{"href":"https:\/\/lpg-view.com\/de\/wp-json\/wp\/v2\/pages\/9630","targetHints":{"allow":["GET"]}}],"collection":[{"href":"https:\/\/lpg-view.com\/de\/wp-json\/wp\/v2\/pages"}],"about":[{"href":"https:\/\/lpg-view.com\/de\/wp-json\/wp\/v2\/types\/page"}],"author":[{"embeddable":true,"href":"https:\/\/lpg-view.com\/de\/wp-json\/wp\/v2\/users\/1"}],"replies":[{"embeddable":true,"href":"https:\/\/lpg-view.com\/de\/wp-json\/wp\/v2\/comments?post=9630"}],"version-history":[{"count":3,"href":"https:\/\/lpg-view.com\/de\/wp-json\/wp\/v2\/pages\/9630\/revisions"}],"predecessor-version":[{"id":9805,"href":"https:\/\/lpg-view.com\/de\/wp-json\/wp\/v2\/pages\/9630\/revisions\/9805"}],"up":[{"embeddable":true,"href":"https:\/\/lpg-view.com\/de\/wp-json\/wp\/v2\/pages\/9574"}],"wp:attachment":[{"href":"https:\/\/lpg-view.com\/de\/wp-json\/wp\/v2\/media?parent=9630"}],"curies":[{"name":"wp","href":"https:\/\/api.w.org\/{rel}","templated":true}]}}