{"id":9590,"date":"2020-05-19T11:22:26","date_gmt":"2020-05-19T09:22:26","guid":{"rendered":"https:\/\/lpg-view.com\/projekte\/tanklager\/"},"modified":"2025-01-31T13:49:12","modified_gmt":"2025-01-31T12:49:12","slug":"tanklager","status":"publish","type":"page","link":"https:\/\/lpg-view.com\/de\/projekte\/tanklager\/","title":{"rendered":"Tanklager"},"content":{"rendered":"\t\t<div data-elementor-type=\"wp-page\" data-elementor-id=\"9590\" class=\"elementor elementor-9590 elementor-658\" data-elementor-post-type=\"page\">\n\t\t\t\t\t\t<section class=\"elementor-section elementor-top-section elementor-element elementor-element-4935d0a elementor-section-full_width elementor-section-height-default elementor-section-height-default\" data-id=\"4935d0a\" data-element_type=\"section\">\n\t\t\t\t\t\t<div class=\"elementor-container elementor-column-gap-default\">\n\t\t\t\t\t<div class=\"elementor-column elementor-col-100 elementor-top-column elementor-element elementor-element-095edd5\" data-id=\"095edd5\" data-element_type=\"column\">\n\t\t\t<div class=\"elementor-widget-wrap elementor-element-populated\">\n\t\t\t\t\t\t<section class=\"elementor-section elementor-inner-section elementor-element elementor-element-21027d8 elementor-section-boxed elementor-section-height-default elementor-section-height-default\" data-id=\"21027d8\" data-element_type=\"section\">\n\t\t\t\t\t\t<div class=\"elementor-container elementor-column-gap-default\">\n\t\t\t\t\t<div class=\"elementor-column elementor-col-100 elementor-inner-column elementor-element elementor-element-76e96a1\" data-id=\"76e96a1\" data-element_type=\"column\">\n\t\t\t<div class=\"elementor-widget-wrap elementor-element-populated\">\n\t\t\t\t\t\t<div class=\"elementor-element elementor-element-8edc652 elementor-widget elementor-widget-heading\" data-id=\"8edc652\" data-element_type=\"widget\" data-widget_type=\"heading.default\">\n\t\t\t\t<div class=\"elementor-widget-container\">\n\t\t\t<style>\/*! elementor - v3.19.0 - 28-02-2024 *\/\n.elementor-heading-title{padding:0;margin:0;line-height:1}.elementor-widget-heading .elementor-heading-title[class*=elementor-size-]>a{color:inherit;font-size:inherit;line-height:inherit}.elementor-widget-heading .elementor-heading-title.elementor-size-small{font-size:15px}.elementor-widget-heading .elementor-heading-title.elementor-size-medium{font-size:19px}.elementor-widget-heading .elementor-heading-title.elementor-size-large{font-size:29px}.elementor-widget-heading .elementor-heading-title.elementor-size-xl{font-size:39px}.elementor-widget-heading .elementor-heading-title.elementor-size-xxl{font-size:59px}<\/style><h1 class=\"elementor-heading-title elementor-size-default\">Tanklager<\/h1>\t\t<\/div>\n\t\t\t\t<\/div>\n\t\t\t\t\t<\/div>\n\t\t<\/div>\n\t\t\t\t\t<\/div>\n\t\t<\/section>\n\t\t\t\t\t<\/div>\n\t\t<\/div>\n\t\t\t\t\t<\/div>\n\t\t<\/section>\n\t\t\t\t<section class=\"elementor-section elementor-top-section elementor-element elementor-element-159b929 elementor-section-boxed elementor-section-height-default elementor-section-height-default\" data-id=\"159b929\" data-element_type=\"section\">\n\t\t\t\t\t\t<div class=\"elementor-container elementor-column-gap-default\">\n\t\t\t\t\t<div class=\"elementor-column elementor-col-50 elementor-top-column elementor-element elementor-element-b22e334\" data-id=\"b22e334\" data-element_type=\"column\">\n\t\t\t<div class=\"elementor-widget-wrap elementor-element-populated\">\n\t\t\t\t\t\t<div class=\"elementor-element elementor-element-8346c4f elementor-widget elementor-widget-image\" data-id=\"8346c4f\" data-element_type=\"widget\" data-widget_type=\"image.default\">\n\t\t\t\t<div class=\"elementor-widget-container\">\n\t\t\t<style>\/*! elementor - v3.19.0 - 28-02-2024 *\/\n.elementor-widget-image{text-align:center}.elementor-widget-image a{display:inline-block}.elementor-widget-image a img[src$=\".svg\"]{width:48px}.elementor-widget-image img{vertical-align:middle;display:inline-block}<\/style>\t\t\t\t\t\t\t\t\t\t<img fetchpriority=\"high\" decoding=\"async\" width=\"1024\" height=\"485\" src=\"https:\/\/lpg-view.com\/wp-content\/uploads\/2021\/11\/AdobeStock_296827597-1024x485.jpeg\" class=\"attachment-large size-large wp-image-1078\" alt=\"\" srcset=\"https:\/\/lpg-view.com\/wp-content\/uploads\/2021\/11\/AdobeStock_296827597-1024x485.jpeg 1024w, https:\/\/lpg-view.com\/wp-content\/uploads\/2021\/11\/AdobeStock_296827597-scaled-600x284.jpeg 600w, https:\/\/lpg-view.com\/wp-content\/uploads\/2021\/11\/AdobeStock_296827597-300x142.jpeg 300w, https:\/\/lpg-view.com\/wp-content\/uploads\/2021\/11\/AdobeStock_296827597-768x364.jpeg 768w, https:\/\/lpg-view.com\/wp-content\/uploads\/2021\/11\/AdobeStock_296827597-1536x728.jpeg 1536w, https:\/\/lpg-view.com\/wp-content\/uploads\/2021\/11\/AdobeStock_296827597-2048x970.jpeg 2048w\" sizes=\"(max-width: 1024px) 100vw, 1024px\" \/>\t\t\t\t\t\t\t\t\t\t\t\t\t<\/div>\n\t\t\t\t<\/div>\n\t\t\t\t\t<\/div>\n\t\t<\/div>\n\t\t\t\t<div class=\"elementor-column elementor-col-50 elementor-top-column elementor-element elementor-element-eeb505a\" data-id=\"eeb505a\" data-element_type=\"column\">\n\t\t\t<div class=\"elementor-widget-wrap elementor-element-populated\">\n\t\t\t\t\t\t<div class=\"elementor-element elementor-element-ea3a9a1 elementor-widget elementor-widget-text-editor\" data-id=\"ea3a9a1\" data-element_type=\"widget\" data-widget_type=\"text-editor.default\">\n\t\t\t\t<div class=\"elementor-widget-container\">\n\t\t\t<style>\/*! elementor - v3.19.0 - 28-02-2024 *\/\n.elementor-widget-text-editor.elementor-drop-cap-view-stacked .elementor-drop-cap{background-color:#69727d;color:#fff}.elementor-widget-text-editor.elementor-drop-cap-view-framed .elementor-drop-cap{color:#69727d;border:3px solid;background-color:transparent}.elementor-widget-text-editor:not(.elementor-drop-cap-view-default) .elementor-drop-cap{margin-top:8px}.elementor-widget-text-editor:not(.elementor-drop-cap-view-default) .elementor-drop-cap-letter{width:1em;height:1em}.elementor-widget-text-editor .elementor-drop-cap{float:left;text-align:center;line-height:1;font-size:50px}.elementor-widget-text-editor .elementor-drop-cap-letter{display:inline-block}<\/style>\t\t\t\t<p>Tanklager werden \u00fcberall dort gebaut, wo die Nachfrage nach Gas die Kapazit\u00e4t eines einzelnen Tanks \u00fcbersteigt. Es ist auch viel einfacher, z.B. 10 Tanks mit je 6.400 Litern aufzustellen als einen Tank mit 64.000 Litern.<\/p>\n<p>Jede Farm ist ein separates Projekt, das Planung, Genehmigung und einen Bauunternehmer erfordert. Obwohl LPG View eine Telemetrieplattform ist, f\u00fchren unsere Partner auch Tankinstallationen und Tanklager durch.<\/p>\n<p>Mehr Tanks zu haben, bedeutet Lieferlogistik und hier sind unsere Telemetriedaten die Grundlage. Unser Tankmonitoring-Server erm\u00f6glicht Ihnen den schnellen und einfachen Zugriff auf die Daten mehrerer Tanks.<\/p><p><span style=\"color: rgb(5, 5, 5); font-family: Roboto, sans-serif; font-size: 20px; font-style: normal; font-variant-ligatures: normal; font-variant-caps: normal; font-weight: 400; letter-spacing: normal; orphans: 2; text-align: left; text-indent: 0px; text-transform: none; white-space: normal; widows: 2; word-spacing: 0px; -webkit-text-stroke-width: 0px; background-color: rgb(255, 255, 255); text-decoration-thickness: initial; text-decoration-style: initial; text-decoration-color: initial; display: inline !important; float: none;\">Um mehr \u00fcber Tankmonitoring zu erfahren, kontaktieren Sie uns bitte direkt per E-Mail oder Telefon.<\/span><\/p>\t\t\t\t\t\t<\/div>\n\t\t\t\t<\/div>\n\t\t\t\t\t<\/div>\n\t\t<\/div>\n\t\t\t\t\t<\/div>\n\t\t<\/section>\n\t\t\t\t<\/div>\n\t\t","protected":false},"excerpt":{"rendered":"<p>Tanklager Tanklager werden \u00fcberall dort gebaut, wo die Nachfrage nach Gas die Kapazit\u00e4t eines einzelnen Tanks \u00fcbersteigt. Es ist auch viel einfacher, z.B. 10 Tanks mit je 6.400 Litern aufzustellen als einen Tank mit 64.000 Litern. Jede Farm ist ein separates Projekt, das Planung, Genehmigung und einen Bauunternehmer erfordert. Obwohl LPG View eine Telemetrieplattform ist, [&hellip;]<\/p>\n","protected":false},"author":1,"featured_media":0,"parent":9575,"menu_order":0,"comment_status":"closed","ping_status":"closed","template":"page-templates\/fullwidth-content.php","meta":{"inline_featured_image":false,"footnotes":""},"class_list":["post-9590","page","type-page","status-publish","hentry"],"yoast_head":"<!-- This site is optimized with the Yoast SEO plugin v24.3 - https:\/\/yoast.com\/wordpress\/plugins\/seo\/ -->\n<title>Tanklager - LPG View<\/title>\n<meta name=\"robots\" content=\"index, follow, max-snippet:-1, max-image-preview:large, max-video-preview:-1\" \/>\n<link rel=\"canonical\" href=\"https:\/\/lpg-view.com\/de\/projekte\/tanklager\/\" \/>\n<meta property=\"og:locale\" content=\"de_DE\" \/>\n<meta property=\"og:type\" content=\"article\" \/>\n<meta property=\"og:title\" content=\"Tanklager - LPG View\" \/>\n<meta property=\"og:description\" content=\"Tanklager Tanklager werden \u00fcberall dort gebaut, wo die Nachfrage nach Gas die Kapazit\u00e4t eines einzelnen Tanks \u00fcbersteigt. Es ist auch viel einfacher, z.B. 10 Tanks mit je 6.400 Litern aufzustellen als einen Tank mit 64.000 Litern. Jede Farm ist ein separates Projekt, das Planung, Genehmigung und einen Bauunternehmer erfordert. Obwohl LPG View eine Telemetrieplattform ist, [&hellip;]\" \/>\n<meta property=\"og:url\" content=\"https:\/\/lpg-view.com\/de\/projekte\/tanklager\/\" \/>\n<meta property=\"og:site_name\" content=\"LPG View\" \/>\n<meta property=\"article:modified_time\" content=\"2025-01-31T12:49:12+00:00\" \/>\n<meta property=\"og:image\" content=\"https:\/\/lpg-view.com\/wp-content\/uploads\/2021\/11\/AdobeStock_296827597-scaled.jpeg\" \/>\n\t<meta property=\"og:image:width\" content=\"2560\" \/>\n\t<meta property=\"og:image:height\" content=\"1213\" \/>\n\t<meta property=\"og:image:type\" content=\"image\/jpeg\" \/>\n<meta name=\"twitter:card\" content=\"summary_large_image\" \/>\n<meta name=\"twitter:label1\" content=\"Gesch\u00e4tzte Lesezeit\" \/>\n\t<meta name=\"twitter:data1\" content=\"1\u00a0Minute\" \/>\n<script type=\"application\/ld+json\" class=\"yoast-schema-graph\">{\"@context\":\"https:\/\/schema.org\",\"@graph\":[{\"@type\":\"WebPage\",\"@id\":\"https:\/\/lpg-view.com\/de\/projekte\/tanklager\/\",\"url\":\"https:\/\/lpg-view.com\/de\/projekte\/tanklager\/\",\"name\":\"Tanklager - LPG View\",\"isPartOf\":{\"@id\":\"https:\/\/lpg-view.com\/de\/#website\"},\"primaryImageOfPage\":{\"@id\":\"https:\/\/lpg-view.com\/de\/projekte\/tanklager\/#primaryimage\"},\"image\":{\"@id\":\"https:\/\/lpg-view.com\/de\/projekte\/tanklager\/#primaryimage\"},\"thumbnailUrl\":\"https:\/\/lpg-view.com\/wp-content\/uploads\/2021\/11\/AdobeStock_296827597-1024x485.jpeg\",\"datePublished\":\"2020-05-19T09:22:26+00:00\",\"dateModified\":\"2025-01-31T12:49:12+00:00\",\"breadcrumb\":{\"@id\":\"https:\/\/lpg-view.com\/de\/projekte\/tanklager\/#breadcrumb\"},\"inLanguage\":\"de\",\"potentialAction\":[{\"@type\":\"ReadAction\",\"target\":[\"https:\/\/lpg-view.com\/de\/projekte\/tanklager\/\"]}]},{\"@type\":\"ImageObject\",\"inLanguage\":\"de\",\"@id\":\"https:\/\/lpg-view.com\/de\/projekte\/tanklager\/#primaryimage\",\"url\":\"https:\/\/lpg-view.com\/wp-content\/uploads\/2021\/11\/AdobeStock_296827597-1024x485.jpeg\",\"contentUrl\":\"https:\/\/lpg-view.com\/wp-content\/uploads\/2021\/11\/AdobeStock_296827597-1024x485.jpeg\"},{\"@type\":\"BreadcrumbList\",\"@id\":\"https:\/\/lpg-view.com\/de\/projekte\/tanklager\/#breadcrumb\",\"itemListElement\":[{\"@type\":\"ListItem\",\"position\":1,\"name\":\"Strona g\u0142\u00f3wna\",\"item\":\"https:\/\/lpg-view.com\/de\/startseite\/\"},{\"@type\":\"ListItem\",\"position\":2,\"name\":\"Projekte\",\"item\":\"https:\/\/lpg-view.com\/de\/projekte\/\"},{\"@type\":\"ListItem\",\"position\":3,\"name\":\"Tanklager\"}]},{\"@type\":\"WebSite\",\"@id\":\"https:\/\/lpg-view.com\/de\/#website\",\"url\":\"https:\/\/lpg-view.com\/de\/\",\"name\":\"LPG View\",\"description\":\"LPG View - wszystko o twoim zbiorniku\",\"publisher\":{\"@id\":\"https:\/\/lpg-view.com\/de\/#organization\"},\"potentialAction\":[{\"@type\":\"SearchAction\",\"target\":{\"@type\":\"EntryPoint\",\"urlTemplate\":\"https:\/\/lpg-view.com\/de\/?s={search_term_string}\"},\"query-input\":{\"@type\":\"PropertyValueSpecification\",\"valueRequired\":true,\"valueName\":\"search_term_string\"}}],\"inLanguage\":\"de\"},{\"@type\":\"Organization\",\"@id\":\"https:\/\/lpg-view.com\/de\/#organization\",\"name\":\"LPG View\",\"url\":\"https:\/\/lpg-view.com\/de\/\",\"logo\":{\"@type\":\"ImageObject\",\"inLanguage\":\"de\",\"@id\":\"https:\/\/lpg-view.com\/de\/#\/schema\/logo\/image\/\",\"url\":\"https:\/\/lpg-view.com\/wp-content\/uploads\/2022\/04\/lpg-logo.svg\",\"contentUrl\":\"https:\/\/lpg-view.com\/wp-content\/uploads\/2022\/04\/lpg-logo.svg\",\"width\":146,\"height\":20,\"caption\":\"LPG View\"},\"image\":{\"@id\":\"https:\/\/lpg-view.com\/de\/#\/schema\/logo\/image\/\"}}]}<\/script>\n<!-- \/ Yoast SEO plugin. -->","yoast_head_json":{"title":"Tanklager - LPG View","robots":{"index":"index","follow":"follow","max-snippet":"max-snippet:-1","max-image-preview":"max-image-preview:large","max-video-preview":"max-video-preview:-1"},"canonical":"https:\/\/lpg-view.com\/de\/projekte\/tanklager\/","og_locale":"de_DE","og_type":"article","og_title":"Tanklager - LPG View","og_description":"Tanklager Tanklager werden \u00fcberall dort gebaut, wo die Nachfrage nach Gas die Kapazit\u00e4t eines einzelnen Tanks \u00fcbersteigt. Es ist auch viel einfacher, z.B. 10 Tanks mit je 6.400 Litern aufzustellen als einen Tank mit 64.000 Litern. Jede Farm ist ein separates Projekt, das Planung, Genehmigung und einen Bauunternehmer erfordert. Obwohl LPG View eine Telemetrieplattform ist, [&hellip;]","og_url":"https:\/\/lpg-view.com\/de\/projekte\/tanklager\/","og_site_name":"LPG View","article_modified_time":"2025-01-31T12:49:12+00:00","og_image":[{"width":2560,"height":1213,"url":"https:\/\/lpg-view.com\/wp-content\/uploads\/2021\/11\/AdobeStock_296827597-scaled.jpeg","type":"image\/jpeg"}],"twitter_card":"summary_large_image","twitter_misc":{"Gesch\u00e4tzte Lesezeit":"1\u00a0Minute"},"schema":{"@context":"https:\/\/schema.org","@graph":[{"@type":"WebPage","@id":"https:\/\/lpg-view.com\/de\/projekte\/tanklager\/","url":"https:\/\/lpg-view.com\/de\/projekte\/tanklager\/","name":"Tanklager - LPG View","isPartOf":{"@id":"https:\/\/lpg-view.com\/de\/#website"},"primaryImageOfPage":{"@id":"https:\/\/lpg-view.com\/de\/projekte\/tanklager\/#primaryimage"},"image":{"@id":"https:\/\/lpg-view.com\/de\/projekte\/tanklager\/#primaryimage"},"thumbnailUrl":"https:\/\/lpg-view.com\/wp-content\/uploads\/2021\/11\/AdobeStock_296827597-1024x485.jpeg","datePublished":"2020-05-19T09:22:26+00:00","dateModified":"2025-01-31T12:49:12+00:00","breadcrumb":{"@id":"https:\/\/lpg-view.com\/de\/projekte\/tanklager\/#breadcrumb"},"inLanguage":"de","potentialAction":[{"@type":"ReadAction","target":["https:\/\/lpg-view.com\/de\/projekte\/tanklager\/"]}]},{"@type":"ImageObject","inLanguage":"de","@id":"https:\/\/lpg-view.com\/de\/projekte\/tanklager\/#primaryimage","url":"https:\/\/lpg-view.com\/wp-content\/uploads\/2021\/11\/AdobeStock_296827597-1024x485.jpeg","contentUrl":"https:\/\/lpg-view.com\/wp-content\/uploads\/2021\/11\/AdobeStock_296827597-1024x485.jpeg"},{"@type":"BreadcrumbList","@id":"https:\/\/lpg-view.com\/de\/projekte\/tanklager\/#breadcrumb","itemListElement":[{"@type":"ListItem","position":1,"name":"Strona g\u0142\u00f3wna","item":"https:\/\/lpg-view.com\/de\/startseite\/"},{"@type":"ListItem","position":2,"name":"Projekte","item":"https:\/\/lpg-view.com\/de\/projekte\/"},{"@type":"ListItem","position":3,"name":"Tanklager"}]},{"@type":"WebSite","@id":"https:\/\/lpg-view.com\/de\/#website","url":"https:\/\/lpg-view.com\/de\/","name":"LPG View","description":"LPG View - wszystko o twoim zbiorniku","publisher":{"@id":"https:\/\/lpg-view.com\/de\/#organization"},"potentialAction":[{"@type":"SearchAction","target":{"@type":"EntryPoint","urlTemplate":"https:\/\/lpg-view.com\/de\/?s={search_term_string}"},"query-input":{"@type":"PropertyValueSpecification","valueRequired":true,"valueName":"search_term_string"}}],"inLanguage":"de"},{"@type":"Organization","@id":"https:\/\/lpg-view.com\/de\/#organization","name":"LPG View","url":"https:\/\/lpg-view.com\/de\/","logo":{"@type":"ImageObject","inLanguage":"de","@id":"https:\/\/lpg-view.com\/de\/#\/schema\/logo\/image\/","url":"https:\/\/lpg-view.com\/wp-content\/uploads\/2022\/04\/lpg-logo.svg","contentUrl":"https:\/\/lpg-view.com\/wp-content\/uploads\/2022\/04\/lpg-logo.svg","width":146,"height":20,"caption":"LPG View"},"image":{"@id":"https:\/\/lpg-view.com\/de\/#\/schema\/logo\/image\/"}}]}},"_links":{"self":[{"href":"https:\/\/lpg-view.com\/de\/wp-json\/wp\/v2\/pages\/9590","targetHints":{"allow":["GET"]}}],"collection":[{"href":"https:\/\/lpg-view.com\/de\/wp-json\/wp\/v2\/pages"}],"about":[{"href":"https:\/\/lpg-view.com\/de\/wp-json\/wp\/v2\/types\/page"}],"author":[{"embeddable":true,"href":"https:\/\/lpg-view.com\/de\/wp-json\/wp\/v2\/users\/1"}],"replies":[{"embeddable":true,"href":"https:\/\/lpg-view.com\/de\/wp-json\/wp\/v2\/comments?post=9590"}],"version-history":[{"count":1,"href":"https:\/\/lpg-view.com\/de\/wp-json\/wp\/v2\/pages\/9590\/revisions"}],"predecessor-version":[{"id":9594,"href":"https:\/\/lpg-view.com\/de\/wp-json\/wp\/v2\/pages\/9590\/revisions\/9594"}],"up":[{"embeddable":true,"href":"https:\/\/lpg-view.com\/de\/wp-json\/wp\/v2\/pages\/9575"}],"wp:attachment":[{"href":"https:\/\/lpg-view.com\/de\/wp-json\/wp\/v2\/media?parent=9590"}],"curies":[{"name":"wp","href":"https:\/\/api.w.org\/{rel}","templated":true}]}}