{"id":9577,"date":"2020-03-19T11:19:53","date_gmt":"2020-03-19T10:19:53","guid":{"rendered":"https:\/\/lpg-view.com\/ueber-das-unternehmen\/"},"modified":"2025-01-31T13:49:09","modified_gmt":"2025-01-31T12:49:09","slug":"ueber-das-unternehmen","status":"publish","type":"page","link":"https:\/\/lpg-view.com\/de\/ueber-das-unternehmen\/","title":{"rendered":"\u00dcber das Unternehmen"},"content":{"rendered":"\t\t<div data-elementor-type=\"wp-page\" data-elementor-id=\"9577\" class=\"elementor elementor-9577 elementor-12\" data-elementor-post-type=\"page\">\n\t\t\t\t\t\t<section class=\"elementor-section elementor-top-section elementor-element elementor-element-b8bf1d3 elementor-section-boxed elementor-section-height-default elementor-section-height-default\" data-id=\"b8bf1d3\" data-element_type=\"section\">\n\t\t\t\t\t\t<div class=\"elementor-container elementor-column-gap-default\">\n\t\t\t\t\t<div class=\"elementor-column elementor-col-100 elementor-top-column elementor-element elementor-element-aec84ce\" data-id=\"aec84ce\" data-element_type=\"column\">\n\t\t\t<div class=\"elementor-widget-wrap elementor-element-populated\">\n\t\t\t\t\t\t<div class=\"elementor-element elementor-element-f554147 elementor-widget elementor-widget-jet-portfolio\" data-id=\"f554147\" data-element_type=\"widget\" data-widget_type=\"jet-portfolio.default\">\n\t\t\t\t<div class=\"elementor-widget-container\">\n\t\t\t<div class=\"elementor-jet-portfolio jet-elements\">\n<div class=\"jet-portfolio layout-type-masonry preset-type-2 layout-desktop-column-3 layout-tablet-column-1 layout-mobile-column-1\" data-settings=\"{&quot;layoutType&quot;:&quot;masonry&quot;,&quot;columns&quot;:3,&quot;columnsTablet&quot;:&quot;1&quot;,&quot;columnsMobile&quot;:&quot;1&quot;,&quot;perPage&quot;:6}\"><div class=\"jet-portfolio__list\"><article class=\"jet-portfolio__item visible-status\" data-slug=\"{&quot;0&quot;:&quot;all&quot;}\">\n\t<div class=\"jet-portfolio__inner\">\n\t\t<a class=\"jet-portfolio__link \" href=\"https:\/\/lpg-view.com\/wp-content\/uploads\/2021\/12\/oszczedzanie-LPG-1.svg\" data-elementor-open-lightbox=\"yes\">\n\t\t\t<div class=\"jet-portfolio__image\">\n\t\t\t\t<img loading=\"lazy\" decoding=\"async\" class=\"jet-portfolio__image-instance\" src=\"https:\/\/lpg-view.com\/wp-content\/uploads\/2021\/12\/oszczedzanie-LPG-1.svg\" width=\"300\" height=\"300\"  alt=\"oszczedzanie LPG\" loading=\"lazy\">\t\t\t\t<div class=\"jet-portfolio__image-loader\"><span><\/span><\/div>\n\t\t\t\t<div class=\"jet-portfolio__cover\"><span class=\"jet-elements-icon\"><i aria-hidden=\"true\" class=\"fas fa-search\"><\/i><\/span><\/div>\n\t\t\t<\/div>\n\t\t<\/a>\n\t\t<div class=\"jet-portfolio__content\">\n\t\t\t<div class=\"jet-portfolio__content-inner\"><div class=\"jet-portfolio__title\">Czy mo\u017ce by\u0107 taniej?<\/div><p class=\"jet-portfolio__desc\">LPG View pomaga redukowa\u0107 koszty ogrzewania poprzez lepsze planowanie zakup\u00f3w.\n                                      \n\n<\/p><a class=\"elementor-button elementor-size-md jet-portfolio__button\" href=\"https:\/\/lpg-view.com\/czy-moze-byc-taniej\/\"><span class=\"jet-portfolio__button-text\">Wi\u0119cej...<\/span><\/a><\/div>\n\t\t<\/div>\n\t<\/div>\n<\/article><article class=\"jet-portfolio__item visible-status\" data-slug=\"{&quot;0&quot;:&quot;all&quot;}\">\n\t<div class=\"jet-portfolio__inner\">\n\t\t<a class=\"jet-portfolio__link \" href=\"https:\/\/lpg-view.com\/wp-content\/uploads\/2021\/12\/porownanie-LPG.svg\" data-elementor-open-lightbox=\"yes\">\n\t\t\t<div class=\"jet-portfolio__image\">\n\t\t\t\t<img loading=\"lazy\" decoding=\"async\" class=\"jet-portfolio__image-instance\" src=\"https:\/\/lpg-view.com\/wp-content\/uploads\/2021\/12\/porownanie-LPG.svg\" width=\"300\" height=\"300\"  alt=\"por\u00f3wnanie LPG\" loading=\"lazy\">\t\t\t\t<div class=\"jet-portfolio__image-loader\"><span><\/span><\/div>\n\t\t\t\t<div class=\"jet-portfolio__cover\"><span class=\"jet-elements-icon\"><i aria-hidden=\"true\" class=\"fas fa-search\"><\/i><\/span><\/div>\n\t\t\t<\/div>\n\t\t<\/a>\n\t\t<div class=\"jet-portfolio__content\">\n\t\t\t<div class=\"jet-portfolio__content-inner\"><div class=\"jet-portfolio__title\">Chro\u0144my \u015brodowisko!<\/div><p class=\"jet-portfolio__desc\">Nasze domy potrzebuj\u0105 ciep\u0142a, to fakt. Dzi\u0119ki u\u017cyciu LPG jako medium otrzymacie du\u017co energii przy mniejszej emisji CO<sub>2<sub>.\n<\/p><a class=\"elementor-button elementor-size-md jet-portfolio__button\" href=\"https:\/\/lpg-view.com\/home\/co2-mniej-dzieki-wam\/\"><span class=\"jet-portfolio__button-text\">Wi\u0119cej...<\/span><\/a><\/div>\n\t\t<\/div>\n\t<\/div>\n<\/article><article class=\"jet-portfolio__item visible-status\" data-slug=\"{&quot;0&quot;:&quot;all&quot;}\">\n\t<div class=\"jet-portfolio__inner\">\n\t\t<a class=\"jet-portfolio__link \" href=\"https:\/\/lpg-view.com\/wp-content\/uploads\/2021\/11\/AdobeStock_282672236-\u2014-kopia.jpeg\" data-elementor-open-lightbox=\"yes\">\n\t\t\t<div class=\"jet-portfolio__image\">\n\t\t\t\t<img loading=\"lazy\" decoding=\"async\" class=\"jet-portfolio__image-instance\" src=\"https:\/\/lpg-view.com\/wp-content\/uploads\/2021\/11\/AdobeStock_282672236-\u2014-kopia-300x169.jpeg\" width=\"300\" height=\"169\"  alt=\"Construction and structure concept of Engineer or architect meeting for project working with partner and engineering tools on model building and blueprint in working site, contract for both companies.\" loading=\"lazy\">\t\t\t\t<div class=\"jet-portfolio__image-loader\"><span><\/span><\/div>\n\t\t\t\t<div class=\"jet-portfolio__cover\"><span class=\"jet-elements-icon\"><i aria-hidden=\"true\" class=\"fas fa-search\"><\/i><\/span><\/div>\n\t\t\t<\/div>\n\t\t<\/a>\n\t\t<div class=\"jet-portfolio__content\">\n\t\t\t<div class=\"jet-portfolio__content-inner\"><div class=\"jet-portfolio__title\">Profesjonalizm<\/div><p class=\"jet-portfolio__desc\">Chcemy aby nasi klienci mogli spa\u0107 spokojnie nie martwi\u0105c si\u0119 o szczeg\u00f3\u0142y. Nasze rozwi\u0105zania dzia\u0142aj\u0105 zawsze i s\u0105 100% niezawodne.\n\n<\/p><a class=\"elementor-button elementor-size-md jet-portfolio__button\" href=\"https:\/\/lpg-view.com\/home\/profesjonalizm\/\"><span class=\"jet-portfolio__button-text\">Wi\u0119cej...<\/span><\/a><\/div>\n\t\t<\/div>\n\t<\/div>\n<\/article><\/div><div class=\"jet-portfolio__view-more hidden-status\"><div class=\"elementor-button elementor-size-md jet-portfolio__view-more-button\">Mehr sehen<\/div><\/div><\/div>\n<\/div>\t\t<\/div>\n\t\t\t\t<\/div>\n\t\t\t\t\t<\/div>\n\t\t<\/div>\n\t\t\t\t\t<\/div>\n\t\t<\/section>\n\t\t\t\t<section class=\"elementor-section elementor-top-section elementor-element elementor-element-b67fca8 elementor-section-boxed elementor-section-height-default elementor-section-height-default\" data-id=\"b67fca8\" data-element_type=\"section\" data-settings=\"{&quot;background_background&quot;:&quot;classic&quot;}\">\n\t\t\t\t\t\t<div class=\"elementor-container elementor-column-gap-default\">\n\t\t\t\t\t<div class=\"elementor-column elementor-col-33 elementor-top-column elementor-element elementor-element-7566181\" data-id=\"7566181\" data-element_type=\"column\">\n\t\t\t<div class=\"elementor-widget-wrap elementor-element-populated\">\n\t\t\t\t\t\t<div class=\"elementor-element elementor-element-3f3e318 elementor-widget elementor-widget-counter\" data-id=\"3f3e318\" data-element_type=\"widget\" data-widget_type=\"counter.default\">\n\t\t\t\t<div class=\"elementor-widget-container\">\n\t\t\t<style>\/*! elementor - v3.19.0 - 28-02-2024 *\/\n.elementor-counter .elementor-counter-number-wrapper{display:flex;font-size:69px;font-weight:600;line-height:1}.elementor-counter .elementor-counter-number-prefix,.elementor-counter .elementor-counter-number-suffix{flex-grow:1;white-space:pre-wrap}.elementor-counter .elementor-counter-number-prefix{text-align:right}.elementor-counter .elementor-counter-number-suffix{text-align:left}.elementor-counter .elementor-counter-title{text-align:center;font-size:19px;font-weight:400;line-height:2.5}<\/style>\t\t<div class=\"elementor-counter\">\n\t\t\t<div class=\"elementor-counter-number-wrapper\">\n\t\t\t\t<span class=\"elementor-counter-number-prefix\"><\/span>\n\t\t\t\t<span class=\"elementor-counter-number\" data-duration=\"2000\" data-to-value=\"1056\" data-from-value=\"0\" data-delimiter=\",\">0<\/span>\n\t\t\t\t<span class=\"elementor-counter-number-suffix\"><\/span>\n\t\t\t<\/div>\n\t\t\t\t\t<\/div>\n\t\t\t\t<\/div>\n\t\t\t\t<\/div>\n\t\t\t\t<div class=\"elementor-element elementor-element-77c9df0 elementor-widget elementor-widget-heading\" data-id=\"77c9df0\" data-element_type=\"widget\" data-widget_type=\"heading.default\">\n\t\t\t\t<div class=\"elementor-widget-container\">\n\t\t\t<style>\/*! elementor - v3.19.0 - 28-02-2024 *\/\n.elementor-heading-title{padding:0;margin:0;line-height:1}.elementor-widget-heading .elementor-heading-title[class*=elementor-size-]>a{color:inherit;font-size:inherit;line-height:inherit}.elementor-widget-heading .elementor-heading-title.elementor-size-small{font-size:15px}.elementor-widget-heading .elementor-heading-title.elementor-size-medium{font-size:19px}.elementor-widget-heading .elementor-heading-title.elementor-size-large{font-size:29px}.elementor-widget-heading .elementor-heading-title.elementor-size-xl{font-size:39px}.elementor-widget-heading .elementor-heading-title.elementor-size-xxl{font-size:59px}<\/style><div class=\"elementor-heading-title elementor-size-default\">Anzahl der installierten Einheiten\n<\/div>\t\t<\/div>\n\t\t\t\t<\/div>\n\t\t\t\t\t<\/div>\n\t\t<\/div>\n\t\t\t\t<div class=\"elementor-column elementor-col-33 elementor-top-column elementor-element elementor-element-4ccc676\" data-id=\"4ccc676\" data-element_type=\"column\">\n\t\t\t<div class=\"elementor-widget-wrap elementor-element-populated\">\n\t\t\t\t\t\t<div class=\"elementor-element elementor-element-5ff55fe elementor-widget elementor-widget-counter\" data-id=\"5ff55fe\" data-element_type=\"widget\" data-widget_type=\"counter.default\">\n\t\t\t\t<div class=\"elementor-widget-container\">\n\t\t\t\t\t<div class=\"elementor-counter\">\n\t\t\t<div class=\"elementor-counter-number-wrapper\">\n\t\t\t\t<span class=\"elementor-counter-number-prefix\"><\/span>\n\t\t\t\t<span class=\"elementor-counter-number\" data-duration=\"2000\" data-to-value=\"33\" data-from-value=\"0\" data-delimiter=\",\">0<\/span>\n\t\t\t\t<span class=\"elementor-counter-number-suffix\"><\/span>\n\t\t\t<\/div>\n\t\t\t\t\t<\/div>\n\t\t\t\t<\/div>\n\t\t\t\t<\/div>\n\t\t\t\t<div class=\"elementor-element elementor-element-03a4982 elementor-widget elementor-widget-heading\" data-id=\"03a4982\" data-element_type=\"widget\" data-widget_type=\"heading.default\">\n\t\t\t\t<div class=\"elementor-widget-container\">\n\t\t\t<div class=\"elementor-heading-title elementor-size-default\">Anzahl der Partner  \n<\/div>\t\t<\/div>\n\t\t\t\t<\/div>\n\t\t\t\t\t<\/div>\n\t\t<\/div>\n\t\t\t\t<div class=\"elementor-column elementor-col-33 elementor-top-column elementor-element elementor-element-fa828c3\" data-id=\"fa828c3\" data-element_type=\"column\">\n\t\t\t<div class=\"elementor-widget-wrap elementor-element-populated\">\n\t\t\t\t\t\t<div class=\"elementor-element elementor-element-940da80 elementor-widget elementor-widget-counter\" data-id=\"940da80\" data-element_type=\"widget\" data-widget_type=\"counter.default\">\n\t\t\t\t<div class=\"elementor-widget-container\">\n\t\t\t\t\t<div class=\"elementor-counter\">\n\t\t\t<div class=\"elementor-counter-number-wrapper\">\n\t\t\t\t<span class=\"elementor-counter-number-prefix\"><\/span>\n\t\t\t\t<span class=\"elementor-counter-number\" data-duration=\"2000\" data-to-value=\"19\" data-from-value=\"0\" data-delimiter=\",\">0<\/span>\n\t\t\t\t<span class=\"elementor-counter-number-suffix\"><\/span>\n\t\t\t<\/div>\n\t\t\t\t\t<\/div>\n\t\t\t\t<\/div>\n\t\t\t\t<\/div>\n\t\t\t\t<div class=\"elementor-element elementor-element-1a08f65 elementor-widget elementor-widget-heading\" data-id=\"1a08f65\" data-element_type=\"widget\" data-widget_type=\"heading.default\">\n\t\t\t\t<div class=\"elementor-widget-container\">\n\t\t\t<div class=\"elementor-heading-title elementor-size-default\">Anzahl der durchgef\u00fchrten Projekte\n<\/div>\t\t<\/div>\n\t\t\t\t<\/div>\n\t\t\t\t\t<\/div>\n\t\t<\/div>\n\t\t\t\t\t<\/div>\n\t\t<\/section>\n\t\t\t\t<\/div>\n\t\t","protected":false},"excerpt":{"rendered":"<p>Czy mo\u017ce by\u0107 taniej? LPG View pomaga redukowa\u0107 koszty ogrzewania poprzez lepsze planowanie zakup\u00f3w. Wi\u0119cej&#8230; Chro\u0144my \u015brodowisko! Nasze domy potrzebuj\u0105 ciep\u0142a, to fakt. Dzi\u0119ki u\u017cyciu LPG jako medium otrzymacie du\u017co energii przy mniejszej emisji CO2. Wi\u0119cej&#8230; Profesjonalizm Chcemy aby nasi klienci mogli spa\u0107 spokojnie nie martwi\u0105c si\u0119 o szczeg\u00f3\u0142y. Nasze rozwi\u0105zania dzia\u0142aj\u0105 zawsze i s\u0105 [&hellip;]<\/p>\n","protected":false},"author":1,"featured_media":0,"parent":0,"menu_order":0,"comment_status":"closed","ping_status":"closed","template":"page-templates\/fullwidth-content.php","meta":{"inline_featured_image":false,"footnotes":""},"class_list":["post-9577","page","type-page","status-publish","hentry"],"yoast_head":"<!-- This site is optimized with the Yoast SEO plugin v24.3 - https:\/\/yoast.com\/wordpress\/plugins\/seo\/ -->\n<title>\u00dcber das Unternehmen - LPG View<\/title>\n<meta name=\"robots\" content=\"index, follow, max-snippet:-1, max-image-preview:large, max-video-preview:-1\" \/>\n<link rel=\"canonical\" href=\"https:\/\/lpg-view.com\/de\/ueber-das-unternehmen\/\" \/>\n<meta property=\"og:locale\" content=\"de_DE\" \/>\n<meta property=\"og:type\" content=\"article\" \/>\n<meta property=\"og:title\" content=\"\u00dcber das Unternehmen - LPG View\" \/>\n<meta property=\"og:description\" content=\"Czy mo\u017ce by\u0107 taniej? LPG View pomaga redukowa\u0107 koszty ogrzewania poprzez lepsze planowanie zakup\u00f3w. Wi\u0119cej&#8230; Chro\u0144my \u015brodowisko! Nasze domy potrzebuj\u0105 ciep\u0142a, to fakt. Dzi\u0119ki u\u017cyciu LPG jako medium otrzymacie du\u017co energii przy mniejszej emisji CO2. Wi\u0119cej&#8230; Profesjonalizm Chcemy aby nasi klienci mogli spa\u0107 spokojnie nie martwi\u0105c si\u0119 o szczeg\u00f3\u0142y. Nasze rozwi\u0105zania dzia\u0142aj\u0105 zawsze i s\u0105 [&hellip;]\" \/>\n<meta property=\"og:url\" content=\"https:\/\/lpg-view.com\/de\/ueber-das-unternehmen\/\" \/>\n<meta property=\"og:site_name\" content=\"LPG View\" \/>\n<meta property=\"article:modified_time\" content=\"2025-01-31T12:49:09+00:00\" \/>\n<meta property=\"og:image\" content=\"https:\/\/lpg-view.com\/wp-content\/uploads\/2021\/12\/oszczedzanie-LPG-1.svg\" \/>\n<meta name=\"twitter:card\" content=\"summary_large_image\" \/>\n<script type=\"application\/ld+json\" class=\"yoast-schema-graph\">{\"@context\":\"https:\/\/schema.org\",\"@graph\":[{\"@type\":\"WebPage\",\"@id\":\"https:\/\/lpg-view.com\/de\/ueber-das-unternehmen\/\",\"url\":\"https:\/\/lpg-view.com\/de\/ueber-das-unternehmen\/\",\"name\":\"\u00dcber das Unternehmen - LPG View\",\"isPartOf\":{\"@id\":\"https:\/\/lpg-view.com\/de\/#website\"},\"primaryImageOfPage\":{\"@id\":\"https:\/\/lpg-view.com\/de\/ueber-das-unternehmen\/#primaryimage\"},\"image\":{\"@id\":\"https:\/\/lpg-view.com\/de\/ueber-das-unternehmen\/#primaryimage\"},\"thumbnailUrl\":\"https:\/\/lpg-view.com\/wp-content\/uploads\/2021\/12\/oszczedzanie-LPG-1.svg\",\"datePublished\":\"2020-03-19T10:19:53+00:00\",\"dateModified\":\"2025-01-31T12:49:09+00:00\",\"breadcrumb\":{\"@id\":\"https:\/\/lpg-view.com\/de\/ueber-das-unternehmen\/#breadcrumb\"},\"inLanguage\":\"de\",\"potentialAction\":[{\"@type\":\"ReadAction\",\"target\":[\"https:\/\/lpg-view.com\/de\/ueber-das-unternehmen\/\"]}]},{\"@type\":\"ImageObject\",\"inLanguage\":\"de\",\"@id\":\"https:\/\/lpg-view.com\/de\/ueber-das-unternehmen\/#primaryimage\",\"url\":\"https:\/\/lpg-view.com\/wp-content\/uploads\/2021\/12\/oszczedzanie-LPG-1.svg\",\"contentUrl\":\"https:\/\/lpg-view.com\/wp-content\/uploads\/2021\/12\/oszczedzanie-LPG-1.svg\"},{\"@type\":\"BreadcrumbList\",\"@id\":\"https:\/\/lpg-view.com\/de\/ueber-das-unternehmen\/#breadcrumb\",\"itemListElement\":[{\"@type\":\"ListItem\",\"position\":1,\"name\":\"Strona g\u0142\u00f3wna\",\"item\":\"https:\/\/lpg-view.com\/de\/startseite\/\"},{\"@type\":\"ListItem\",\"position\":2,\"name\":\"\u00dcber das Unternehmen\"}]},{\"@type\":\"WebSite\",\"@id\":\"https:\/\/lpg-view.com\/de\/#website\",\"url\":\"https:\/\/lpg-view.com\/de\/\",\"name\":\"LPG View\",\"description\":\"LPG View - wszystko o twoim zbiorniku\",\"publisher\":{\"@id\":\"https:\/\/lpg-view.com\/de\/#organization\"},\"potentialAction\":[{\"@type\":\"SearchAction\",\"target\":{\"@type\":\"EntryPoint\",\"urlTemplate\":\"https:\/\/lpg-view.com\/de\/?s={search_term_string}\"},\"query-input\":{\"@type\":\"PropertyValueSpecification\",\"valueRequired\":true,\"valueName\":\"search_term_string\"}}],\"inLanguage\":\"de\"},{\"@type\":\"Organization\",\"@id\":\"https:\/\/lpg-view.com\/de\/#organization\",\"name\":\"LPG View\",\"url\":\"https:\/\/lpg-view.com\/de\/\",\"logo\":{\"@type\":\"ImageObject\",\"inLanguage\":\"de\",\"@id\":\"https:\/\/lpg-view.com\/de\/#\/schema\/logo\/image\/\",\"url\":\"https:\/\/lpg-view.com\/wp-content\/uploads\/2022\/04\/lpg-logo.svg\",\"contentUrl\":\"https:\/\/lpg-view.com\/wp-content\/uploads\/2022\/04\/lpg-logo.svg\",\"width\":146,\"height\":20,\"caption\":\"LPG View\"},\"image\":{\"@id\":\"https:\/\/lpg-view.com\/de\/#\/schema\/logo\/image\/\"}}]}<\/script>\n<!-- \/ Yoast SEO plugin. -->","yoast_head_json":{"title":"\u00dcber das Unternehmen - LPG View","robots":{"index":"index","follow":"follow","max-snippet":"max-snippet:-1","max-image-preview":"max-image-preview:large","max-video-preview":"max-video-preview:-1"},"canonical":"https:\/\/lpg-view.com\/de\/ueber-das-unternehmen\/","og_locale":"de_DE","og_type":"article","og_title":"\u00dcber das Unternehmen - LPG View","og_description":"Czy mo\u017ce by\u0107 taniej? LPG View pomaga redukowa\u0107 koszty ogrzewania poprzez lepsze planowanie zakup\u00f3w. Wi\u0119cej&#8230; Chro\u0144my \u015brodowisko! Nasze domy potrzebuj\u0105 ciep\u0142a, to fakt. Dzi\u0119ki u\u017cyciu LPG jako medium otrzymacie du\u017co energii przy mniejszej emisji CO2. Wi\u0119cej&#8230; Profesjonalizm Chcemy aby nasi klienci mogli spa\u0107 spokojnie nie martwi\u0105c si\u0119 o szczeg\u00f3\u0142y. Nasze rozwi\u0105zania dzia\u0142aj\u0105 zawsze i s\u0105 [&hellip;]","og_url":"https:\/\/lpg-view.com\/de\/ueber-das-unternehmen\/","og_site_name":"LPG View","article_modified_time":"2025-01-31T12:49:09+00:00","og_image":[{"url":"https:\/\/lpg-view.com\/wp-content\/uploads\/2021\/12\/oszczedzanie-LPG-1.svg","type":"","width":"","height":""}],"twitter_card":"summary_large_image","schema":{"@context":"https:\/\/schema.org","@graph":[{"@type":"WebPage","@id":"https:\/\/lpg-view.com\/de\/ueber-das-unternehmen\/","url":"https:\/\/lpg-view.com\/de\/ueber-das-unternehmen\/","name":"\u00dcber das Unternehmen - LPG View","isPartOf":{"@id":"https:\/\/lpg-view.com\/de\/#website"},"primaryImageOfPage":{"@id":"https:\/\/lpg-view.com\/de\/ueber-das-unternehmen\/#primaryimage"},"image":{"@id":"https:\/\/lpg-view.com\/de\/ueber-das-unternehmen\/#primaryimage"},"thumbnailUrl":"https:\/\/lpg-view.com\/wp-content\/uploads\/2021\/12\/oszczedzanie-LPG-1.svg","datePublished":"2020-03-19T10:19:53+00:00","dateModified":"2025-01-31T12:49:09+00:00","breadcrumb":{"@id":"https:\/\/lpg-view.com\/de\/ueber-das-unternehmen\/#breadcrumb"},"inLanguage":"de","potentialAction":[{"@type":"ReadAction","target":["https:\/\/lpg-view.com\/de\/ueber-das-unternehmen\/"]}]},{"@type":"ImageObject","inLanguage":"de","@id":"https:\/\/lpg-view.com\/de\/ueber-das-unternehmen\/#primaryimage","url":"https:\/\/lpg-view.com\/wp-content\/uploads\/2021\/12\/oszczedzanie-LPG-1.svg","contentUrl":"https:\/\/lpg-view.com\/wp-content\/uploads\/2021\/12\/oszczedzanie-LPG-1.svg"},{"@type":"BreadcrumbList","@id":"https:\/\/lpg-view.com\/de\/ueber-das-unternehmen\/#breadcrumb","itemListElement":[{"@type":"ListItem","position":1,"name":"Strona g\u0142\u00f3wna","item":"https:\/\/lpg-view.com\/de\/startseite\/"},{"@type":"ListItem","position":2,"name":"\u00dcber das Unternehmen"}]},{"@type":"WebSite","@id":"https:\/\/lpg-view.com\/de\/#website","url":"https:\/\/lpg-view.com\/de\/","name":"LPG View","description":"LPG View - wszystko o twoim zbiorniku","publisher":{"@id":"https:\/\/lpg-view.com\/de\/#organization"},"potentialAction":[{"@type":"SearchAction","target":{"@type":"EntryPoint","urlTemplate":"https:\/\/lpg-view.com\/de\/?s={search_term_string}"},"query-input":{"@type":"PropertyValueSpecification","valueRequired":true,"valueName":"search_term_string"}}],"inLanguage":"de"},{"@type":"Organization","@id":"https:\/\/lpg-view.com\/de\/#organization","name":"LPG View","url":"https:\/\/lpg-view.com\/de\/","logo":{"@type":"ImageObject","inLanguage":"de","@id":"https:\/\/lpg-view.com\/de\/#\/schema\/logo\/image\/","url":"https:\/\/lpg-view.com\/wp-content\/uploads\/2022\/04\/lpg-logo.svg","contentUrl":"https:\/\/lpg-view.com\/wp-content\/uploads\/2022\/04\/lpg-logo.svg","width":146,"height":20,"caption":"LPG View"},"image":{"@id":"https:\/\/lpg-view.com\/de\/#\/schema\/logo\/image\/"}}]}},"_links":{"self":[{"href":"https:\/\/lpg-view.com\/de\/wp-json\/wp\/v2\/pages\/9577","targetHints":{"allow":["GET"]}}],"collection":[{"href":"https:\/\/lpg-view.com\/de\/wp-json\/wp\/v2\/pages"}],"about":[{"href":"https:\/\/lpg-view.com\/de\/wp-json\/wp\/v2\/types\/page"}],"author":[{"embeddable":true,"href":"https:\/\/lpg-view.com\/de\/wp-json\/wp\/v2\/users\/1"}],"replies":[{"embeddable":true,"href":"https:\/\/lpg-view.com\/de\/wp-json\/wp\/v2\/comments?post=9577"}],"version-history":[{"count":1,"href":"https:\/\/lpg-view.com\/de\/wp-json\/wp\/v2\/pages\/9577\/revisions"}],"predecessor-version":[{"id":9580,"href":"https:\/\/lpg-view.com\/de\/wp-json\/wp\/v2\/pages\/9577\/revisions\/9580"}],"wp:attachment":[{"href":"https:\/\/lpg-view.com\/de\/wp-json\/wp\/v2\/media?parent=9577"}],"curies":[{"name":"wp","href":"https:\/\/api.w.org\/{rel}","templated":true}]}}