{"id":9575,"date":"2020-03-19T11:35:12","date_gmt":"2020-03-19T10:35:12","guid":{"rendered":"https:\/\/lpg-view.com\/projekte\/"},"modified":"2025-01-31T13:49:09","modified_gmt":"2025-01-31T12:49:09","slug":"projekte","status":"publish","type":"page","link":"https:\/\/lpg-view.com\/de\/projekte\/","title":{"rendered":"Projekte"},"content":{"rendered":"\t\t<div data-elementor-type=\"wp-page\" data-elementor-id=\"9575\" class=\"elementor elementor-9575 elementor-17\" data-elementor-post-type=\"page\">\n\t\t\t\t\t\t<section class=\"elementor-section elementor-top-section elementor-element elementor-element-106d6f9 elementor-section-boxed elementor-section-height-default elementor-section-height-default\" data-id=\"106d6f9\" data-element_type=\"section\" data-settings=\"{&quot;background_background&quot;:&quot;classic&quot;}\">\n\t\t\t\t\t\t<div class=\"elementor-container elementor-column-gap-default\">\n\t\t\t\t\t<div class=\"elementor-column elementor-col-100 elementor-top-column elementor-element elementor-element-03d3936\" data-id=\"03d3936\" data-element_type=\"column\">\n\t\t\t<div class=\"elementor-widget-wrap elementor-element-populated\">\n\t\t\t\t\t\t<div class=\"elementor-element elementor-element-636fbae elementor-widget elementor-widget-heading\" data-id=\"636fbae\" data-element_type=\"widget\" data-widget_type=\"heading.default\">\n\t\t\t\t<div class=\"elementor-widget-container\">\n\t\t\t<style>\/*! elementor - v3.19.0 - 28-02-2024 *\/\n.elementor-heading-title{padding:0;margin:0;line-height:1}.elementor-widget-heading .elementor-heading-title[class*=elementor-size-]>a{color:inherit;font-size:inherit;line-height:inherit}.elementor-widget-heading .elementor-heading-title.elementor-size-small{font-size:15px}.elementor-widget-heading .elementor-heading-title.elementor-size-medium{font-size:19px}.elementor-widget-heading .elementor-heading-title.elementor-size-large{font-size:29px}.elementor-widget-heading .elementor-heading-title.elementor-size-xl{font-size:39px}.elementor-widget-heading .elementor-heading-title.elementor-size-xxl{font-size:59px}<\/style><h2 class=\"elementor-heading-title elementor-size-default\">Projekte<\/h2>\t\t<\/div>\n\t\t\t\t<\/div>\n\t\t\t\t<div class=\"elementor-element elementor-element-03c7acc elementor-widget elementor-widget-text-editor\" data-id=\"03c7acc\" data-element_type=\"widget\" data-widget_type=\"text-editor.default\">\n\t\t\t\t<div class=\"elementor-widget-container\">\n\t\t\t<style>\/*! elementor - v3.19.0 - 28-02-2024 *\/\n.elementor-widget-text-editor.elementor-drop-cap-view-stacked .elementor-drop-cap{background-color:#69727d;color:#fff}.elementor-widget-text-editor.elementor-drop-cap-view-framed .elementor-drop-cap{color:#69727d;border:3px solid;background-color:transparent}.elementor-widget-text-editor:not(.elementor-drop-cap-view-default) .elementor-drop-cap{margin-top:8px}.elementor-widget-text-editor:not(.elementor-drop-cap-view-default) .elementor-drop-cap-letter{width:1em;height:1em}.elementor-widget-text-editor .elementor-drop-cap{float:left;text-align:center;line-height:1;font-size:50px}.elementor-widget-text-editor .elementor-drop-cap-letter{display:inline-block}<\/style>\t\t\t\t<p>Wir wissen sehr wohl, dass jeder Kunde seine eigenen Bed\u00fcrfnisse hat &#8211; lassen Sie uns gemeinsam dorthin aufbrechen!<\/p>\n\t\t\t\t\t\t<\/div>\n\t\t\t\t<\/div>\n\t\t\t\t\t<\/div>\n\t\t<\/div>\n\t\t\t\t\t<\/div>\n\t\t<\/section>\n\t\t\t\t<section class=\"elementor-section elementor-top-section elementor-element elementor-element-129fab0 elementor-section-boxed elementor-section-height-default elementor-section-height-default\" data-id=\"129fab0\" data-element_type=\"section\">\n\t\t\t\t\t\t<div class=\"elementor-container elementor-column-gap-default\">\n\t\t\t\t\t<div class=\"elementor-column elementor-col-100 elementor-top-column elementor-element elementor-element-743676c\" data-id=\"743676c\" data-element_type=\"column\">\n\t\t\t<div class=\"elementor-widget-wrap elementor-element-populated\">\n\t\t\t\t\t\t<div class=\"elementor-element elementor-element-1a5b22d elementor-widget elementor-widget-jet-portfolio\" data-id=\"1a5b22d\" data-element_type=\"widget\" data-widget_type=\"jet-portfolio.default\">\n\t\t\t\t<div class=\"elementor-widget-container\">\n\t\t\t<div class=\"elementor-jet-portfolio jet-elements\">\n<div class=\"jet-portfolio layout-type-grid preset-type-2 layout-desktop-column-3 layout-tablet-column-2 layout-mobile-column-1\" data-settings=\"{&quot;layoutType&quot;:&quot;grid&quot;,&quot;columns&quot;:3,&quot;columnsTablet&quot;:&quot;2&quot;,&quot;columnsMobile&quot;:&quot;1&quot;,&quot;perPage&quot;:6}\"><div class=\"jet-portfolio__list\"><article class=\"jet-portfolio__item visible-status\" data-slug=\"{&quot;0&quot;:&quot;all&quot;}\">\n\t<div class=\"jet-portfolio__inner\">\n\t\t<a class=\"jet-portfolio__link \" href=\"https:\/\/lpg-view.com\/wp-content\/uploads\/2021\/11\/AdobeStock_296827597-scaled.jpeg\" data-elementor-open-lightbox=\"yes\">\n\t\t\t<div class=\"jet-portfolio__image\">\n\t\t\t\t<img loading=\"lazy\" decoding=\"async\" class=\"jet-portfolio__image-instance\" src=\"https:\/\/lpg-view.com\/wp-content\/uploads\/2021\/11\/AdobeStock_296827597-scaled.jpeg\" width=\"2560\" height=\"1213\"  alt=\"Fl\u00fcssiggastanks - Gro\u00df, Mittel und Klein\" loading=\"lazy\">\t\t\t\t<div class=\"jet-portfolio__image-loader\"><span><\/span><\/div>\n\t\t\t\t<div class=\"jet-portfolio__cover\"><span class=\"jet-elements-icon\"><i aria-hidden=\"true\" class=\"fas fa-search\"><\/i><\/span><\/div>\n\t\t\t<\/div>\n\t\t<\/a>\n\t\t<div class=\"jet-portfolio__content\">\n\t\t\t<div class=\"jet-portfolio__content-inner\"><div class=\"jet-portfolio__title\">Farmy zbiornik\u00f3w<\/div><p class=\"jet-portfolio__desc\">   <\/p><a class=\"elementor-button elementor-size-md jet-portfolio__button\" href=\"https:\/\/lpg-view.com\/projekty\/farmy-zbiornikow\/\"><span class=\"jet-portfolio__button-text\">Wi\u0119cej...<\/span><\/a><\/div>\n\t\t<\/div>\n\t<\/div>\n<\/article><article class=\"jet-portfolio__item visible-status\" data-slug=\"{&quot;0&quot;:&quot;all&quot;}\">\n\t<div class=\"jet-portfolio__inner\">\n\t\t<a class=\"jet-portfolio__link \" href=\"https:\/\/lpg-view.com\/wp-content\/uploads\/2021\/11\/Zrzut-ekranu-2021-10-07-003214.png\" data-elementor-open-lightbox=\"yes\">\n\t\t\t<div class=\"jet-portfolio__image\">\n\t\t\t\t<img loading=\"lazy\" decoding=\"async\" class=\"jet-portfolio__image-instance\" src=\"https:\/\/lpg-view.com\/wp-content\/uploads\/2021\/11\/Zrzut-ekranu-2021-10-07-003214.png\" width=\"597\" height=\"363\"  alt=\"Zrzut ekranu 2021-10-07 003214\" loading=\"lazy\">\t\t\t\t<div class=\"jet-portfolio__image-loader\"><span><\/span><\/div>\n\t\t\t\t<div class=\"jet-portfolio__cover\"><span class=\"jet-elements-icon\"><i aria-hidden=\"true\" class=\"fas fa-search\"><\/i><\/span><\/div>\n\t\t\t<\/div>\n\t\t<\/a>\n\t\t<div class=\"jet-portfolio__content\">\n\t\t\t<div class=\"jet-portfolio__content-inner\"><div class=\"jet-portfolio__title\">Monitorowanie cystern<\/div><a class=\"elementor-button elementor-size-md jet-portfolio__button\" href=\"https:\/\/lpg-view.com\/projekty\/sledzenie-pojazdow\/\"><span class=\"jet-portfolio__button-text\">Wi\u0119cej...<\/span><\/a><\/div>\n\t\t<\/div>\n\t<\/div>\n<\/article><article class=\"jet-portfolio__item visible-status\" data-slug=\"{&quot;0&quot;:&quot;all&quot;}\">\n\t<div class=\"jet-portfolio__inner\">\n\t\t<a class=\"jet-portfolio__link \" href=\"https:\/\/lpg-view.com\/wp-content\/uploads\/2021\/11\/Zrzut-ekranu-2021-11-09-193633.png\" data-elementor-open-lightbox=\"yes\">\n\t\t\t<div class=\"jet-portfolio__image\">\n\t\t\t\t<img loading=\"lazy\" decoding=\"async\" class=\"jet-portfolio__image-instance\" src=\"https:\/\/lpg-view.com\/wp-content\/uploads\/2021\/11\/Zrzut-ekranu-2021-11-09-193633.png\" width=\"890\" height=\"496\"  alt=\"Zrzut ekranu 2021-11-09 193633\" loading=\"lazy\">\t\t\t\t<div class=\"jet-portfolio__image-loader\"><span><\/span><\/div>\n\t\t\t\t<div class=\"jet-portfolio__cover\"><span class=\"jet-elements-icon\"><i aria-hidden=\"true\" class=\"fas fa-search\"><\/i><\/span><\/div>\n\t\t\t<\/div>\n\t\t<\/a>\n\t\t<div class=\"jet-portfolio__content\">\n\t\t\t<div class=\"jet-portfolio__content-inner\"><div class=\"jet-portfolio__title\">Optymalizacja dostaw<\/div><a class=\"elementor-button elementor-size-md jet-portfolio__button\" href=\"https:\/\/lpg-view.com\/projekty\/optymalizacja-dostaw\/\"><span class=\"jet-portfolio__button-text\">Wi\u0119cej...<\/span><\/a><\/div>\n\t\t<\/div>\n\t<\/div>\n<\/article><\/div><\/div>\n<\/div>\t\t<\/div>\n\t\t\t\t<\/div>\n\t\t\t\t\t<\/div>\n\t\t<\/div>\n\t\t\t\t\t<\/div>\n\t\t<\/section>\n\t\t\t\t<\/div>\n\t\t","protected":false},"excerpt":{"rendered":"<p>Projekte Wir wissen sehr wohl, dass jeder Kunde seine eigenen Bed\u00fcrfnisse hat &#8211; lassen Sie uns gemeinsam dorthin aufbrechen! Farmy zbiornik\u00f3w Wi\u0119cej&#8230; Monitorowanie cysternWi\u0119cej&#8230; Optymalizacja dostawWi\u0119cej&#8230;<\/p>\n","protected":false},"author":1,"featured_media":0,"parent":0,"menu_order":0,"comment_status":"closed","ping_status":"closed","template":"page-templates\/fullwidth-content.php","meta":{"inline_featured_image":false,"footnotes":""},"class_list":["post-9575","page","type-page","status-publish","hentry"],"yoast_head":"<!-- This site is optimized with the Yoast SEO plugin v24.3 - https:\/\/yoast.com\/wordpress\/plugins\/seo\/ -->\n<title>Projekte - LPG View<\/title>\n<meta name=\"robots\" content=\"index, follow, max-snippet:-1, max-image-preview:large, max-video-preview:-1\" \/>\n<link rel=\"canonical\" href=\"https:\/\/lpg-view.com\/de\/projekte\/\" \/>\n<meta property=\"og:locale\" content=\"de_DE\" \/>\n<meta property=\"og:type\" content=\"article\" \/>\n<meta property=\"og:title\" content=\"Projekte - LPG View\" \/>\n<meta property=\"og:description\" content=\"Projekte Wir wissen sehr wohl, dass jeder Kunde seine eigenen Bed\u00fcrfnisse hat &#8211; lassen Sie uns gemeinsam dorthin aufbrechen! Farmy zbiornik\u00f3w Wi\u0119cej&#8230; Monitorowanie cysternWi\u0119cej&#8230; Optymalizacja dostawWi\u0119cej&#8230;\" \/>\n<meta property=\"og:url\" content=\"https:\/\/lpg-view.com\/de\/projekte\/\" \/>\n<meta property=\"og:site_name\" content=\"LPG View\" \/>\n<meta property=\"article:modified_time\" content=\"2025-01-31T12:49:09+00:00\" \/>\n<meta property=\"og:image\" content=\"https:\/\/lpg-view.com\/wp-content\/uploads\/2021\/11\/AdobeStock_296827597-scaled.jpeg\" \/>\n<meta name=\"twitter:card\" content=\"summary_large_image\" \/>\n<script type=\"application\/ld+json\" class=\"yoast-schema-graph\">{\"@context\":\"https:\/\/schema.org\",\"@graph\":[{\"@type\":\"WebPage\",\"@id\":\"https:\/\/lpg-view.com\/de\/projekte\/\",\"url\":\"https:\/\/lpg-view.com\/de\/projekte\/\",\"name\":\"Projekte - LPG View\",\"isPartOf\":{\"@id\":\"https:\/\/lpg-view.com\/de\/#website\"},\"primaryImageOfPage\":{\"@id\":\"https:\/\/lpg-view.com\/de\/projekte\/#primaryimage\"},\"image\":{\"@id\":\"https:\/\/lpg-view.com\/de\/projekte\/#primaryimage\"},\"thumbnailUrl\":\"https:\/\/lpg-view.com\/wp-content\/uploads\/2021\/11\/AdobeStock_296827597-scaled.jpeg\",\"datePublished\":\"2020-03-19T10:35:12+00:00\",\"dateModified\":\"2025-01-31T12:49:09+00:00\",\"breadcrumb\":{\"@id\":\"https:\/\/lpg-view.com\/de\/projekte\/#breadcrumb\"},\"inLanguage\":\"de\",\"potentialAction\":[{\"@type\":\"ReadAction\",\"target\":[\"https:\/\/lpg-view.com\/de\/projekte\/\"]}]},{\"@type\":\"ImageObject\",\"inLanguage\":\"de\",\"@id\":\"https:\/\/lpg-view.com\/de\/projekte\/#primaryimage\",\"url\":\"https:\/\/lpg-view.com\/wp-content\/uploads\/2021\/11\/AdobeStock_296827597-scaled.jpeg\",\"contentUrl\":\"https:\/\/lpg-view.com\/wp-content\/uploads\/2021\/11\/AdobeStock_296827597-scaled.jpeg\"},{\"@type\":\"BreadcrumbList\",\"@id\":\"https:\/\/lpg-view.com\/de\/projekte\/#breadcrumb\",\"itemListElement\":[{\"@type\":\"ListItem\",\"position\":1,\"name\":\"Strona g\u0142\u00f3wna\",\"item\":\"https:\/\/lpg-view.com\/de\/startseite\/\"},{\"@type\":\"ListItem\",\"position\":2,\"name\":\"Projekte\"}]},{\"@type\":\"WebSite\",\"@id\":\"https:\/\/lpg-view.com\/de\/#website\",\"url\":\"https:\/\/lpg-view.com\/de\/\",\"name\":\"LPG View\",\"description\":\"LPG View - wszystko o twoim zbiorniku\",\"publisher\":{\"@id\":\"https:\/\/lpg-view.com\/de\/#organization\"},\"potentialAction\":[{\"@type\":\"SearchAction\",\"target\":{\"@type\":\"EntryPoint\",\"urlTemplate\":\"https:\/\/lpg-view.com\/de\/?s={search_term_string}\"},\"query-input\":{\"@type\":\"PropertyValueSpecification\",\"valueRequired\":true,\"valueName\":\"search_term_string\"}}],\"inLanguage\":\"de\"},{\"@type\":\"Organization\",\"@id\":\"https:\/\/lpg-view.com\/de\/#organization\",\"name\":\"LPG View\",\"url\":\"https:\/\/lpg-view.com\/de\/\",\"logo\":{\"@type\":\"ImageObject\",\"inLanguage\":\"de\",\"@id\":\"https:\/\/lpg-view.com\/de\/#\/schema\/logo\/image\/\",\"url\":\"https:\/\/lpg-view.com\/wp-content\/uploads\/2022\/04\/lpg-logo.svg\",\"contentUrl\":\"https:\/\/lpg-view.com\/wp-content\/uploads\/2022\/04\/lpg-logo.svg\",\"width\":146,\"height\":20,\"caption\":\"LPG View\"},\"image\":{\"@id\":\"https:\/\/lpg-view.com\/de\/#\/schema\/logo\/image\/\"}}]}<\/script>\n<!-- \/ Yoast SEO plugin. -->","yoast_head_json":{"title":"Projekte - LPG View","robots":{"index":"index","follow":"follow","max-snippet":"max-snippet:-1","max-image-preview":"max-image-preview:large","max-video-preview":"max-video-preview:-1"},"canonical":"https:\/\/lpg-view.com\/de\/projekte\/","og_locale":"de_DE","og_type":"article","og_title":"Projekte - LPG View","og_description":"Projekte Wir wissen sehr wohl, dass jeder Kunde seine eigenen Bed\u00fcrfnisse hat &#8211; lassen Sie uns gemeinsam dorthin aufbrechen! Farmy zbiornik\u00f3w Wi\u0119cej&#8230; Monitorowanie cysternWi\u0119cej&#8230; Optymalizacja dostawWi\u0119cej&#8230;","og_url":"https:\/\/lpg-view.com\/de\/projekte\/","og_site_name":"LPG View","article_modified_time":"2025-01-31T12:49:09+00:00","og_image":[{"url":"https:\/\/lpg-view.com\/wp-content\/uploads\/2021\/11\/AdobeStock_296827597-scaled.jpeg","type":"","width":"","height":""}],"twitter_card":"summary_large_image","schema":{"@context":"https:\/\/schema.org","@graph":[{"@type":"WebPage","@id":"https:\/\/lpg-view.com\/de\/projekte\/","url":"https:\/\/lpg-view.com\/de\/projekte\/","name":"Projekte - LPG View","isPartOf":{"@id":"https:\/\/lpg-view.com\/de\/#website"},"primaryImageOfPage":{"@id":"https:\/\/lpg-view.com\/de\/projekte\/#primaryimage"},"image":{"@id":"https:\/\/lpg-view.com\/de\/projekte\/#primaryimage"},"thumbnailUrl":"https:\/\/lpg-view.com\/wp-content\/uploads\/2021\/11\/AdobeStock_296827597-scaled.jpeg","datePublished":"2020-03-19T10:35:12+00:00","dateModified":"2025-01-31T12:49:09+00:00","breadcrumb":{"@id":"https:\/\/lpg-view.com\/de\/projekte\/#breadcrumb"},"inLanguage":"de","potentialAction":[{"@type":"ReadAction","target":["https:\/\/lpg-view.com\/de\/projekte\/"]}]},{"@type":"ImageObject","inLanguage":"de","@id":"https:\/\/lpg-view.com\/de\/projekte\/#primaryimage","url":"https:\/\/lpg-view.com\/wp-content\/uploads\/2021\/11\/AdobeStock_296827597-scaled.jpeg","contentUrl":"https:\/\/lpg-view.com\/wp-content\/uploads\/2021\/11\/AdobeStock_296827597-scaled.jpeg"},{"@type":"BreadcrumbList","@id":"https:\/\/lpg-view.com\/de\/projekte\/#breadcrumb","itemListElement":[{"@type":"ListItem","position":1,"name":"Strona g\u0142\u00f3wna","item":"https:\/\/lpg-view.com\/de\/startseite\/"},{"@type":"ListItem","position":2,"name":"Projekte"}]},{"@type":"WebSite","@id":"https:\/\/lpg-view.com\/de\/#website","url":"https:\/\/lpg-view.com\/de\/","name":"LPG View","description":"LPG View - wszystko o twoim zbiorniku","publisher":{"@id":"https:\/\/lpg-view.com\/de\/#organization"},"potentialAction":[{"@type":"SearchAction","target":{"@type":"EntryPoint","urlTemplate":"https:\/\/lpg-view.com\/de\/?s={search_term_string}"},"query-input":{"@type":"PropertyValueSpecification","valueRequired":true,"valueName":"search_term_string"}}],"inLanguage":"de"},{"@type":"Organization","@id":"https:\/\/lpg-view.com\/de\/#organization","name":"LPG View","url":"https:\/\/lpg-view.com\/de\/","logo":{"@type":"ImageObject","inLanguage":"de","@id":"https:\/\/lpg-view.com\/de\/#\/schema\/logo\/image\/","url":"https:\/\/lpg-view.com\/wp-content\/uploads\/2022\/04\/lpg-logo.svg","contentUrl":"https:\/\/lpg-view.com\/wp-content\/uploads\/2022\/04\/lpg-logo.svg","width":146,"height":20,"caption":"LPG View"},"image":{"@id":"https:\/\/lpg-view.com\/de\/#\/schema\/logo\/image\/"}}]}},"_links":{"self":[{"href":"https:\/\/lpg-view.com\/de\/wp-json\/wp\/v2\/pages\/9575","targetHints":{"allow":["GET"]}}],"collection":[{"href":"https:\/\/lpg-view.com\/de\/wp-json\/wp\/v2\/pages"}],"about":[{"href":"https:\/\/lpg-view.com\/de\/wp-json\/wp\/v2\/types\/page"}],"author":[{"embeddable":true,"href":"https:\/\/lpg-view.com\/de\/wp-json\/wp\/v2\/users\/1"}],"replies":[{"embeddable":true,"href":"https:\/\/lpg-view.com\/de\/wp-json\/wp\/v2\/comments?post=9575"}],"version-history":[{"count":1,"href":"https:\/\/lpg-view.com\/de\/wp-json\/wp\/v2\/pages\/9575\/revisions"}],"predecessor-version":[{"id":9579,"href":"https:\/\/lpg-view.com\/de\/wp-json\/wp\/v2\/pages\/9575\/revisions\/9579"}],"wp:attachment":[{"href":"https:\/\/lpg-view.com\/de\/wp-json\/wp\/v2\/media?parent=9575"}],"curies":[{"name":"wp","href":"https:\/\/api.w.org\/{rel}","templated":true}]}}